{"id":406,"date":"2018-02-01T22:36:34","date_gmt":"2018-02-01T22:36:34","guid":{"rendered":"http:\/\/immuno-t.inmotion.care\/?page_id=406"},"modified":"2018-03-02T13:39:30","modified_gmt":"2018-03-02T13:39:30","slug":"prof-tessa-kerre","status":"publish","type":"page","link":"https:\/\/immuno-t.inmotion.care\/fr\/qui-sommes-nous\/prof-tessa-kerre\/","title":{"rendered":"Prof. Tessa Kerre"},"content":{"rendered":"<p><a href=\"https:\/\/www.crig.ugent.be\/tessa-kerre\">Prof. Tessa Kerre<\/a> est m\u00e9decin sp\u00e9cialis\u00e9e en h\u00e9matologie et chef de clinique \u00e0 l&rsquo;UZ Gent. Au d\u00e9but de ses \u00e9tudes de m\u00e9decine, elle d\u00e9couvre sa passion pour le syst\u00e8me immunitaire. Gr\u00e2ce au cours du Prof. Jean Plum, elle d\u00e9cide de se sp\u00e9cialiser en m\u00e9decine interne pour soigner les patients oncologiques. Mais avant tout, elle souhaite s&rsquo;investir dans la recherche scientifique sur l&rsquo;immunologie. C&rsquo;est pourquoi elle entame un doctorat au laboratoire du Prof. Jean Plum.<\/p>\n<p>Apr\u00e8s avoir termin\u00e9 sa sp\u00e9cialisation clinique en m\u00e9decine interne et en h\u00e9matologie (l&rsquo;\u00e9tude du sang), plus pr\u00e9cis\u00e9ment l&rsquo;\u00e9tude du cancer du sang et de la greffe de cellules souches, la Prof. Kerre souhaite r\u00e9unir ses deux passions. Elle d\u00e9cide de se lancer dans la recherche sur l&rsquo;immunoth\u00e9rapie. Malgr\u00e9 les doutes entourant l&rsquo;immunoth\u00e9rapie en 2006 (vu les r\u00e9sultats scientifiques variables), la Prof. Kerre est persuad\u00e9e du potentiel de cette th\u00e9rapie.<\/p>\n<p>Aussi entend-elle se consacrer pleinement \u00e0 la recherche sur ce traitement susceptible de changer le pronostic des cancers consid\u00e9r\u00e9s comme incurables. En 2013, l&rsquo;immunoth\u00e9rapie figure \u00e0 la une de Science, un magazine scientifique de r\u00e9f\u00e9rence, comme d\u00e9couverte de l&rsquo;ann\u00e9e. Depuis ce jour, l&rsquo;immunoth\u00e9rapie gagne en importance dans la lutte contre le cancer.<\/p>\n<p>Tessa Kerre s&rsquo;investit aussi \u00e9norm\u00e9ment dans l&rsquo;\u00e9ducation th\u00e9rapeutique du patient. Il n&rsquo;est pas \u00e9vident d&rsquo;expliquer l&rsquo;immunoth\u00e9rapie. Il est donc crucial de clarifier et de simplifier les explications m\u00e9dicales sur ce sujet complexe. Elle est persuad\u00e9e de l&rsquo;importance que repr\u00e9sente la compr\u00e9hension d&rsquo;une maladie et de son traitement. C&rsquo;est ce besoin et la passion de Tessa Kerre qui ont fait na\u00eetre le projet Immuno-T.<\/p>\n","protected":false},"excerpt":{"rendered":"<p>Prof. Tessa Kerre est m\u00e9decin sp\u00e9cialis\u00e9e en h\u00e9matologie et chef de clinique \u00e0 l&rsquo;UZ Gent. Au d\u00e9but de ses \u00e9tudes de m\u00e9decine, elle d\u00e9couvre sa passion pour le syst\u00e8me immunitaire. Gr\u00e2ce au cours du Prof. Jean Plum, elle d\u00e9cide de se sp\u00e9cialiser en m\u00e9decine interne pour soigner les patients oncologiques. Mais avant tout, elle souhaite [&hellip;]<\/p>\n","protected":false},"author":1,"featured_media":224,"parent":93,"menu_order":0,"comment_status":"closed","ping_status":"closed","template":"","meta":{"_genesis_hide_title":false,"_genesis_hide_breadcrumbs":false,"_genesis_hide_singular_image":false,"_genesis_hide_footer_widgets":false,"_genesis_custom_body_class":"","_genesis_custom_post_class":"","_genesis_layout":"","footnotes":""},"class_list":{"0":"post-406","1":"page","2":"type-page","3":"status-publish","4":"has-post-thumbnail","6":"entry"},"yoast_head":"<!-- This site is optimized with the Yoast SEO plugin v27.3 - https:\/\/yoast.com\/product\/yoast-seo-wordpress\/ -->\n<title>Prof. Tessa Kerre - Immuno-T<\/title>\n<meta name=\"robots\" content=\"index, follow, max-snippet:-1, max-image-preview:large, max-video-preview:-1\" \/>\n<link rel=\"canonical\" href=\"https:\/\/immuno-t.inmotion.care\/fr\/qui-sommes-nous\/prof-tessa-kerre\/\" \/>\n<meta property=\"og:locale\" content=\"fr_FR\" \/>\n<meta property=\"og:type\" content=\"article\" \/>\n<meta property=\"og:title\" content=\"Prof. Tessa Kerre - Immuno-T\" \/>\n<meta property=\"og:description\" content=\"Prof. Tessa Kerre est m\u00e9decin sp\u00e9cialis\u00e9e en h\u00e9matologie et chef de clinique \u00e0 l&rsquo;UZ Gent. Au d\u00e9but de ses \u00e9tudes de m\u00e9decine, elle d\u00e9couvre sa passion pour le syst\u00e8me immunitaire. Gr\u00e2ce au cours du Prof. Jean Plum, elle d\u00e9cide de se sp\u00e9cialiser en m\u00e9decine interne pour soigner les patients oncologiques. Mais avant tout, elle souhaite [&hellip;]\" \/>\n<meta property=\"og:url\" content=\"https:\/\/immuno-t.inmotion.care\/fr\/qui-sommes-nous\/prof-tessa-kerre\/\" \/>\n<meta property=\"og:site_name\" content=\"Immuno-T\" \/>\n<meta property=\"article:modified_time\" content=\"2018-03-02T13:39:30+00:00\" \/>\n<meta property=\"og:image\" content=\"https:\/\/immuno-t.inmotion.care\/wp-content\/uploads\/2018\/02\/overons_profkerre.jpg\" \/>\n\t<meta property=\"og:image:width\" content=\"995\" \/>\n\t<meta property=\"og:image:height\" content=\"640\" \/>\n\t<meta property=\"og:image:type\" content=\"image\/jpeg\" \/>\n<meta name=\"twitter:card\" content=\"summary_large_image\" \/>\n<meta name=\"twitter:label1\" content=\"Dur\u00e9e de lecture estim\u00e9e\" \/>\n\t<meta name=\"twitter:data1\" content=\"1 minute\" \/>\n<script type=\"application\/ld+json\" class=\"yoast-schema-graph\">{\"@context\":\"https:\\\/\\\/schema.org\",\"@graph\":[{\"@type\":\"WebPage\",\"@id\":\"https:\\\/\\\/immuno-t.inmotion.care\\\/fr\\\/qui-sommes-nous\\\/prof-tessa-kerre\\\/\",\"url\":\"https:\\\/\\\/immuno-t.inmotion.care\\\/fr\\\/qui-sommes-nous\\\/prof-tessa-kerre\\\/\",\"name\":\"Prof. Tessa Kerre - Immuno-T\",\"isPartOf\":{\"@id\":\"https:\\\/\\\/immuno-t.inmotion.care\\\/fr\\\/#website\"},\"primaryImageOfPage\":{\"@id\":\"https:\\\/\\\/immuno-t.inmotion.care\\\/fr\\\/qui-sommes-nous\\\/prof-tessa-kerre\\\/#primaryimage\"},\"image\":{\"@id\":\"https:\\\/\\\/immuno-t.inmotion.care\\\/fr\\\/qui-sommes-nous\\\/prof-tessa-kerre\\\/#primaryimage\"},\"thumbnailUrl\":\"https:\\\/\\\/immuno-t.inmotion.care\\\/wp-content\\\/uploads\\\/2018\\\/02\\\/overons_profkerre.jpg\",\"datePublished\":\"2018-02-01T22:36:34+00:00\",\"dateModified\":\"2018-03-02T13:39:30+00:00\",\"breadcrumb\":{\"@id\":\"https:\\\/\\\/immuno-t.inmotion.care\\\/fr\\\/qui-sommes-nous\\\/prof-tessa-kerre\\\/#breadcrumb\"},\"inLanguage\":\"fr-FR\",\"potentialAction\":[{\"@type\":\"ReadAction\",\"target\":[\"https:\\\/\\\/immuno-t.inmotion.care\\\/fr\\\/qui-sommes-nous\\\/prof-tessa-kerre\\\/\"]}]},{\"@type\":\"ImageObject\",\"inLanguage\":\"fr-FR\",\"@id\":\"https:\\\/\\\/immuno-t.inmotion.care\\\/fr\\\/qui-sommes-nous\\\/prof-tessa-kerre\\\/#primaryimage\",\"url\":\"https:\\\/\\\/immuno-t.inmotion.care\\\/wp-content\\\/uploads\\\/2018\\\/02\\\/overons_profkerre.jpg\",\"contentUrl\":\"https:\\\/\\\/immuno-t.inmotion.care\\\/wp-content\\\/uploads\\\/2018\\\/02\\\/overons_profkerre.jpg\",\"width\":995,\"height\":640},{\"@type\":\"BreadcrumbList\",\"@id\":\"https:\\\/\\\/immuno-t.inmotion.care\\\/fr\\\/qui-sommes-nous\\\/prof-tessa-kerre\\\/#breadcrumb\",\"itemListElement\":[{\"@type\":\"ListItem\",\"position\":1,\"name\":\"Home\",\"item\":\"https:\\\/\\\/immuno-t.inmotion.care\\\/fr\\\/\"},{\"@type\":\"ListItem\",\"position\":2,\"name\":\"Qui sommes-nous ?\",\"item\":\"https:\\\/\\\/immuno-t.inmotion.care\\\/fr\\\/qui-sommes-nous\\\/\"},{\"@type\":\"ListItem\",\"position\":3,\"name\":\"Prof. Tessa Kerre\"}]},{\"@type\":\"WebSite\",\"@id\":\"https:\\\/\\\/immuno-t.inmotion.care\\\/fr\\\/#website\",\"url\":\"https:\\\/\\\/immuno-t.inmotion.care\\\/fr\\\/\",\"name\":\"Immuno-T\",\"description\":\"De eerste motion comic die pati\u00ebnten en familie uitlegt hoe immunotherapie werkt.\",\"publisher\":{\"@id\":\"https:\\\/\\\/immuno-t.inmotion.care\\\/fr\\\/#organization\"},\"potentialAction\":[{\"@type\":\"SearchAction\",\"target\":{\"@type\":\"EntryPoint\",\"urlTemplate\":\"https:\\\/\\\/immuno-t.inmotion.care\\\/fr\\\/?s={search_term_string}\"},\"query-input\":{\"@type\":\"PropertyValueSpecification\",\"valueRequired\":true,\"valueName\":\"search_term_string\"}}],\"inLanguage\":\"fr-FR\"},{\"@type\":\"Organization\",\"@id\":\"https:\\\/\\\/immuno-t.inmotion.care\\\/fr\\\/#organization\",\"name\":\"Immuno-T\",\"url\":\"https:\\\/\\\/immuno-t.inmotion.care\\\/fr\\\/\",\"logo\":{\"@type\":\"ImageObject\",\"inLanguage\":\"fr-FR\",\"@id\":\"https:\\\/\\\/immuno-t.inmotion.care\\\/fr\\\/#\\\/schema\\\/logo\\\/image\\\/\",\"url\":\"https:\\\/\\\/immuno-t.inmotion.care\\\/wp-content\\\/uploads\\\/2018\\\/01\\\/immuno-t_logo.png\",\"contentUrl\":\"https:\\\/\\\/immuno-t.inmotion.care\\\/wp-content\\\/uploads\\\/2018\\\/01\\\/immuno-t_logo.png\",\"width\":450,\"height\":150,\"caption\":\"Immuno-T\"},\"image\":{\"@id\":\"https:\\\/\\\/immuno-t.inmotion.care\\\/fr\\\/#\\\/schema\\\/logo\\\/image\\\/\"}}]}<\/script>\n<!-- \/ Yoast SEO plugin. -->","yoast_head_json":{"title":"Prof. Tessa Kerre - Immuno-T","robots":{"index":"index","follow":"follow","max-snippet":"max-snippet:-1","max-image-preview":"max-image-preview:large","max-video-preview":"max-video-preview:-1"},"canonical":"https:\/\/immuno-t.inmotion.care\/fr\/qui-sommes-nous\/prof-tessa-kerre\/","og_locale":"fr_FR","og_type":"article","og_title":"Prof. Tessa Kerre - Immuno-T","og_description":"Prof. Tessa Kerre est m\u00e9decin sp\u00e9cialis\u00e9e en h\u00e9matologie et chef de clinique \u00e0 l&rsquo;UZ Gent. Au d\u00e9but de ses \u00e9tudes de m\u00e9decine, elle d\u00e9couvre sa passion pour le syst\u00e8me immunitaire. Gr\u00e2ce au cours du Prof. Jean Plum, elle d\u00e9cide de se sp\u00e9cialiser en m\u00e9decine interne pour soigner les patients oncologiques. Mais avant tout, elle souhaite [&hellip;]","og_url":"https:\/\/immuno-t.inmotion.care\/fr\/qui-sommes-nous\/prof-tessa-kerre\/","og_site_name":"Immuno-T","article_modified_time":"2018-03-02T13:39:30+00:00","og_image":[{"width":995,"height":640,"url":"https:\/\/immuno-t.inmotion.care\/wp-content\/uploads\/2018\/02\/overons_profkerre.jpg","type":"image\/jpeg"}],"twitter_card":"summary_large_image","twitter_misc":{"Dur\u00e9e de lecture estim\u00e9e":"1 minute"},"schema":{"@context":"https:\/\/schema.org","@graph":[{"@type":"WebPage","@id":"https:\/\/immuno-t.inmotion.care\/fr\/qui-sommes-nous\/prof-tessa-kerre\/","url":"https:\/\/immuno-t.inmotion.care\/fr\/qui-sommes-nous\/prof-tessa-kerre\/","name":"Prof. Tessa Kerre - Immuno-T","isPartOf":{"@id":"https:\/\/immuno-t.inmotion.care\/fr\/#website"},"primaryImageOfPage":{"@id":"https:\/\/immuno-t.inmotion.care\/fr\/qui-sommes-nous\/prof-tessa-kerre\/#primaryimage"},"image":{"@id":"https:\/\/immuno-t.inmotion.care\/fr\/qui-sommes-nous\/prof-tessa-kerre\/#primaryimage"},"thumbnailUrl":"https:\/\/immuno-t.inmotion.care\/wp-content\/uploads\/2018\/02\/overons_profkerre.jpg","datePublished":"2018-02-01T22:36:34+00:00","dateModified":"2018-03-02T13:39:30+00:00","breadcrumb":{"@id":"https:\/\/immuno-t.inmotion.care\/fr\/qui-sommes-nous\/prof-tessa-kerre\/#breadcrumb"},"inLanguage":"fr-FR","potentialAction":[{"@type":"ReadAction","target":["https:\/\/immuno-t.inmotion.care\/fr\/qui-sommes-nous\/prof-tessa-kerre\/"]}]},{"@type":"ImageObject","inLanguage":"fr-FR","@id":"https:\/\/immuno-t.inmotion.care\/fr\/qui-sommes-nous\/prof-tessa-kerre\/#primaryimage","url":"https:\/\/immuno-t.inmotion.care\/wp-content\/uploads\/2018\/02\/overons_profkerre.jpg","contentUrl":"https:\/\/immuno-t.inmotion.care\/wp-content\/uploads\/2018\/02\/overons_profkerre.jpg","width":995,"height":640},{"@type":"BreadcrumbList","@id":"https:\/\/immuno-t.inmotion.care\/fr\/qui-sommes-nous\/prof-tessa-kerre\/#breadcrumb","itemListElement":[{"@type":"ListItem","position":1,"name":"Home","item":"https:\/\/immuno-t.inmotion.care\/fr\/"},{"@type":"ListItem","position":2,"name":"Qui sommes-nous ?","item":"https:\/\/immuno-t.inmotion.care\/fr\/qui-sommes-nous\/"},{"@type":"ListItem","position":3,"name":"Prof. Tessa Kerre"}]},{"@type":"WebSite","@id":"https:\/\/immuno-t.inmotion.care\/fr\/#website","url":"https:\/\/immuno-t.inmotion.care\/fr\/","name":"Immuno-T","description":"De eerste motion comic die pati\u00ebnten en familie uitlegt hoe immunotherapie werkt.","publisher":{"@id":"https:\/\/immuno-t.inmotion.care\/fr\/#organization"},"potentialAction":[{"@type":"SearchAction","target":{"@type":"EntryPoint","urlTemplate":"https:\/\/immuno-t.inmotion.care\/fr\/?s={search_term_string}"},"query-input":{"@type":"PropertyValueSpecification","valueRequired":true,"valueName":"search_term_string"}}],"inLanguage":"fr-FR"},{"@type":"Organization","@id":"https:\/\/immuno-t.inmotion.care\/fr\/#organization","name":"Immuno-T","url":"https:\/\/immuno-t.inmotion.care\/fr\/","logo":{"@type":"ImageObject","inLanguage":"fr-FR","@id":"https:\/\/immuno-t.inmotion.care\/fr\/#\/schema\/logo\/image\/","url":"https:\/\/immuno-t.inmotion.care\/wp-content\/uploads\/2018\/01\/immuno-t_logo.png","contentUrl":"https:\/\/immuno-t.inmotion.care\/wp-content\/uploads\/2018\/01\/immuno-t_logo.png","width":450,"height":150,"caption":"Immuno-T"},"image":{"@id":"https:\/\/immuno-t.inmotion.care\/fr\/#\/schema\/logo\/image\/"}}]}},"_links":{"self":[{"href":"https:\/\/immuno-t.inmotion.care\/fr\/wp-json\/wp\/v2\/pages\/406","targetHints":{"allow":["GET"]}}],"collection":[{"href":"https:\/\/immuno-t.inmotion.care\/fr\/wp-json\/wp\/v2\/pages"}],"about":[{"href":"https:\/\/immuno-t.inmotion.care\/fr\/wp-json\/wp\/v2\/types\/page"}],"author":[{"embeddable":true,"href":"https:\/\/immuno-t.inmotion.care\/fr\/wp-json\/wp\/v2\/users\/1"}],"replies":[{"embeddable":true,"href":"https:\/\/immuno-t.inmotion.care\/fr\/wp-json\/wp\/v2\/comments?post=406"}],"version-history":[{"count":2,"href":"https:\/\/immuno-t.inmotion.care\/fr\/wp-json\/wp\/v2\/pages\/406\/revisions"}],"predecessor-version":[{"id":451,"href":"https:\/\/immuno-t.inmotion.care\/fr\/wp-json\/wp\/v2\/pages\/406\/revisions\/451"}],"up":[{"embeddable":true,"href":"https:\/\/immuno-t.inmotion.care\/fr\/wp-json\/wp\/v2\/pages\/93"}],"wp:featuredmedia":[{"embeddable":true,"href":"https:\/\/immuno-t.inmotion.care\/fr\/wp-json\/wp\/v2\/media\/224"}],"wp:attachment":[{"href":"https:\/\/immuno-t.inmotion.care\/fr\/wp-json\/wp\/v2\/media?parent=406"}],"curies":[{"name":"wp","href":"https:\/\/api.w.org\/{rel}","templated":true}]}}