{"id":411,"date":"2018-02-01T22:38:39","date_gmt":"2018-02-01T22:38:39","guid":{"rendered":"http:\/\/immuno-t.inmotion.care\/?page_id=411"},"modified":"2018-03-02T13:47:20","modified_gmt":"2018-03-02T13:47:20","slug":"telma","status":"publish","type":"page","link":"https:\/\/immuno-t.inmotion.care\/fr\/qui-sommes-nous\/telma\/","title":{"rendered":"Telma \/ Lieve Achten"},"content":{"rendered":"<p>TELMA SPRL, est un leader dans le d\u00e9veloppement et l&rsquo;impl\u00e9mentation de Serious Urban Games. Une m\u00e9thode \u00e9ducative a \u00e9t\u00e9 d\u00e9velopp\u00e9e pour diff\u00e9rents publics, dans le cadre d&rsquo;un processus de co-cr\u00e9ation et avec une diversit\u00e9 de partenaires issus de la soci\u00e9t\u00e9 civile, du secteur priv\u00e9 (par ex. secteurs financier, m\u00e9dical et alimentaire) et du secteur public. Le projet Immuno-T a vu le jour gr\u00e2ce \u00e0 une collaboration entre TELMA, le monde acad\u00e9mique de l&rsquo;UZ Gent et l&rsquo;UGent et un partenaire dans le design.<\/p>\n<p>Voir aussi <a href=\"http:\/\/ew32.be\/\">ew32<\/a><\/p>\n","protected":false},"excerpt":{"rendered":"<p>TELMA SPRL, est un leader dans le d\u00e9veloppement et l&rsquo;impl\u00e9mentation de Serious Urban Games. Une m\u00e9thode \u00e9ducative a \u00e9t\u00e9 d\u00e9velopp\u00e9e pour diff\u00e9rents publics, dans le cadre d&rsquo;un processus de co-cr\u00e9ation et avec une diversit\u00e9 de partenaires issus de la soci\u00e9t\u00e9 civile, du secteur priv\u00e9 (par ex. secteurs financier, m\u00e9dical et alimentaire) et du secteur public. [&hellip;]<\/p>\n","protected":false},"author":1,"featured_media":197,"parent":93,"menu_order":3,"comment_status":"closed","ping_status":"closed","template":"","meta":{"_genesis_hide_title":false,"_genesis_hide_breadcrumbs":false,"_genesis_hide_singular_image":false,"_genesis_hide_footer_widgets":false,"_genesis_custom_body_class":"","_genesis_custom_post_class":"","_genesis_layout":"","footnotes":""},"class_list":{"0":"post-411","1":"page","2":"type-page","3":"status-publish","4":"has-post-thumbnail","6":"entry"},"yoast_head":"<!-- This site is optimized with the Yoast SEO plugin v27.4 - https:\/\/yoast.com\/product\/yoast-seo-wordpress\/ -->\n<title>Telma \/ Lieve Achten - Immuno-T<\/title>\n<meta name=\"robots\" content=\"index, follow, max-snippet:-1, max-image-preview:large, max-video-preview:-1\" \/>\n<link rel=\"canonical\" href=\"https:\/\/immuno-t.inmotion.care\/fr\/qui-sommes-nous\/telma\/\" \/>\n<meta property=\"og:locale\" content=\"fr_FR\" \/>\n<meta property=\"og:type\" content=\"article\" \/>\n<meta property=\"og:title\" content=\"Telma \/ Lieve Achten - Immuno-T\" \/>\n<meta property=\"og:description\" content=\"TELMA SPRL, est un leader dans le d\u00e9veloppement et l&rsquo;impl\u00e9mentation de Serious Urban Games. Une m\u00e9thode \u00e9ducative a \u00e9t\u00e9 d\u00e9velopp\u00e9e pour diff\u00e9rents publics, dans le cadre d&rsquo;un processus de co-cr\u00e9ation et avec une diversit\u00e9 de partenaires issus de la soci\u00e9t\u00e9 civile, du secteur priv\u00e9 (par ex. secteurs financier, m\u00e9dical et alimentaire) et du secteur public. [&hellip;]\" \/>\n<meta property=\"og:url\" content=\"https:\/\/immuno-t.inmotion.care\/fr\/qui-sommes-nous\/telma\/\" \/>\n<meta property=\"og:site_name\" content=\"Immuno-T\" \/>\n<meta property=\"article:modified_time\" content=\"2018-03-02T13:47:20+00:00\" \/>\n<meta property=\"og:image\" content=\"https:\/\/immuno-t.inmotion.care\/wp-content\/uploads\/2018\/02\/overons_telma.jpg\" \/>\n\t<meta property=\"og:image:width\" content=\"995\" \/>\n\t<meta property=\"og:image:height\" content=\"640\" \/>\n\t<meta property=\"og:image:type\" content=\"image\/jpeg\" \/>\n<meta name=\"twitter:card\" content=\"summary_large_image\" \/>\n<script type=\"application\/ld+json\" class=\"yoast-schema-graph\">{\"@context\":\"https:\\\/\\\/schema.org\",\"@graph\":[{\"@type\":\"WebPage\",\"@id\":\"https:\\\/\\\/immuno-t.inmotion.care\\\/fr\\\/qui-sommes-nous\\\/telma\\\/\",\"url\":\"https:\\\/\\\/immuno-t.inmotion.care\\\/fr\\\/qui-sommes-nous\\\/telma\\\/\",\"name\":\"Telma \\\/ Lieve Achten - Immuno-T\",\"isPartOf\":{\"@id\":\"https:\\\/\\\/immuno-t.inmotion.care\\\/fr\\\/#website\"},\"primaryImageOfPage\":{\"@id\":\"https:\\\/\\\/immuno-t.inmotion.care\\\/fr\\\/qui-sommes-nous\\\/telma\\\/#primaryimage\"},\"image\":{\"@id\":\"https:\\\/\\\/immuno-t.inmotion.care\\\/fr\\\/qui-sommes-nous\\\/telma\\\/#primaryimage\"},\"thumbnailUrl\":\"https:\\\/\\\/immuno-t.inmotion.care\\\/wp-content\\\/uploads\\\/2018\\\/02\\\/overons_telma.jpg\",\"datePublished\":\"2018-02-01T22:38:39+00:00\",\"dateModified\":\"2018-03-02T13:47:20+00:00\",\"breadcrumb\":{\"@id\":\"https:\\\/\\\/immuno-t.inmotion.care\\\/fr\\\/qui-sommes-nous\\\/telma\\\/#breadcrumb\"},\"inLanguage\":\"fr-FR\",\"potentialAction\":[{\"@type\":\"ReadAction\",\"target\":[\"https:\\\/\\\/immuno-t.inmotion.care\\\/fr\\\/qui-sommes-nous\\\/telma\\\/\"]}]},{\"@type\":\"ImageObject\",\"inLanguage\":\"fr-FR\",\"@id\":\"https:\\\/\\\/immuno-t.inmotion.care\\\/fr\\\/qui-sommes-nous\\\/telma\\\/#primaryimage\",\"url\":\"https:\\\/\\\/immuno-t.inmotion.care\\\/wp-content\\\/uploads\\\/2018\\\/02\\\/overons_telma.jpg\",\"contentUrl\":\"https:\\\/\\\/immuno-t.inmotion.care\\\/wp-content\\\/uploads\\\/2018\\\/02\\\/overons_telma.jpg\",\"width\":995,\"height\":640},{\"@type\":\"BreadcrumbList\",\"@id\":\"https:\\\/\\\/immuno-t.inmotion.care\\\/fr\\\/qui-sommes-nous\\\/telma\\\/#breadcrumb\",\"itemListElement\":[{\"@type\":\"ListItem\",\"position\":1,\"name\":\"Home\",\"item\":\"https:\\\/\\\/immuno-t.inmotion.care\\\/fr\\\/\"},{\"@type\":\"ListItem\",\"position\":2,\"name\":\"Qui sommes-nous ?\",\"item\":\"https:\\\/\\\/immuno-t.inmotion.care\\\/fr\\\/qui-sommes-nous\\\/\"},{\"@type\":\"ListItem\",\"position\":3,\"name\":\"Telma \\\/ Lieve Achten\"}]},{\"@type\":\"WebSite\",\"@id\":\"https:\\\/\\\/immuno-t.inmotion.care\\\/fr\\\/#website\",\"url\":\"https:\\\/\\\/immuno-t.inmotion.care\\\/fr\\\/\",\"name\":\"Immuno-T\",\"description\":\"De eerste motion comic die pati\u00ebnten en familie uitlegt hoe immunotherapie werkt.\",\"publisher\":{\"@id\":\"https:\\\/\\\/immuno-t.inmotion.care\\\/fr\\\/#organization\"},\"potentialAction\":[{\"@type\":\"SearchAction\",\"target\":{\"@type\":\"EntryPoint\",\"urlTemplate\":\"https:\\\/\\\/immuno-t.inmotion.care\\\/fr\\\/?s={search_term_string}\"},\"query-input\":{\"@type\":\"PropertyValueSpecification\",\"valueRequired\":true,\"valueName\":\"search_term_string\"}}],\"inLanguage\":\"fr-FR\"},{\"@type\":\"Organization\",\"@id\":\"https:\\\/\\\/immuno-t.inmotion.care\\\/fr\\\/#organization\",\"name\":\"Immuno-T\",\"url\":\"https:\\\/\\\/immuno-t.inmotion.care\\\/fr\\\/\",\"logo\":{\"@type\":\"ImageObject\",\"inLanguage\":\"fr-FR\",\"@id\":\"https:\\\/\\\/immuno-t.inmotion.care\\\/fr\\\/#\\\/schema\\\/logo\\\/image\\\/\",\"url\":\"https:\\\/\\\/immuno-t.inmotion.care\\\/wp-content\\\/uploads\\\/2018\\\/01\\\/immuno-t_logo.png\",\"contentUrl\":\"https:\\\/\\\/immuno-t.inmotion.care\\\/wp-content\\\/uploads\\\/2018\\\/01\\\/immuno-t_logo.png\",\"width\":450,\"height\":150,\"caption\":\"Immuno-T\"},\"image\":{\"@id\":\"https:\\\/\\\/immuno-t.inmotion.care\\\/fr\\\/#\\\/schema\\\/logo\\\/image\\\/\"}}]}<\/script>\n<!-- \/ Yoast SEO plugin. -->","yoast_head_json":{"title":"Telma \/ Lieve Achten - Immuno-T","robots":{"index":"index","follow":"follow","max-snippet":"max-snippet:-1","max-image-preview":"max-image-preview:large","max-video-preview":"max-video-preview:-1"},"canonical":"https:\/\/immuno-t.inmotion.care\/fr\/qui-sommes-nous\/telma\/","og_locale":"fr_FR","og_type":"article","og_title":"Telma \/ Lieve Achten - Immuno-T","og_description":"TELMA SPRL, est un leader dans le d\u00e9veloppement et l&rsquo;impl\u00e9mentation de Serious Urban Games. Une m\u00e9thode \u00e9ducative a \u00e9t\u00e9 d\u00e9velopp\u00e9e pour diff\u00e9rents publics, dans le cadre d&rsquo;un processus de co-cr\u00e9ation et avec une diversit\u00e9 de partenaires issus de la soci\u00e9t\u00e9 civile, du secteur priv\u00e9 (par ex. secteurs financier, m\u00e9dical et alimentaire) et du secteur public. [&hellip;]","og_url":"https:\/\/immuno-t.inmotion.care\/fr\/qui-sommes-nous\/telma\/","og_site_name":"Immuno-T","article_modified_time":"2018-03-02T13:47:20+00:00","og_image":[{"width":995,"height":640,"url":"https:\/\/immuno-t.inmotion.care\/wp-content\/uploads\/2018\/02\/overons_telma.jpg","type":"image\/jpeg"}],"twitter_card":"summary_large_image","schema":{"@context":"https:\/\/schema.org","@graph":[{"@type":"WebPage","@id":"https:\/\/immuno-t.inmotion.care\/fr\/qui-sommes-nous\/telma\/","url":"https:\/\/immuno-t.inmotion.care\/fr\/qui-sommes-nous\/telma\/","name":"Telma \/ Lieve Achten - Immuno-T","isPartOf":{"@id":"https:\/\/immuno-t.inmotion.care\/fr\/#website"},"primaryImageOfPage":{"@id":"https:\/\/immuno-t.inmotion.care\/fr\/qui-sommes-nous\/telma\/#primaryimage"},"image":{"@id":"https:\/\/immuno-t.inmotion.care\/fr\/qui-sommes-nous\/telma\/#primaryimage"},"thumbnailUrl":"https:\/\/immuno-t.inmotion.care\/wp-content\/uploads\/2018\/02\/overons_telma.jpg","datePublished":"2018-02-01T22:38:39+00:00","dateModified":"2018-03-02T13:47:20+00:00","breadcrumb":{"@id":"https:\/\/immuno-t.inmotion.care\/fr\/qui-sommes-nous\/telma\/#breadcrumb"},"inLanguage":"fr-FR","potentialAction":[{"@type":"ReadAction","target":["https:\/\/immuno-t.inmotion.care\/fr\/qui-sommes-nous\/telma\/"]}]},{"@type":"ImageObject","inLanguage":"fr-FR","@id":"https:\/\/immuno-t.inmotion.care\/fr\/qui-sommes-nous\/telma\/#primaryimage","url":"https:\/\/immuno-t.inmotion.care\/wp-content\/uploads\/2018\/02\/overons_telma.jpg","contentUrl":"https:\/\/immuno-t.inmotion.care\/wp-content\/uploads\/2018\/02\/overons_telma.jpg","width":995,"height":640},{"@type":"BreadcrumbList","@id":"https:\/\/immuno-t.inmotion.care\/fr\/qui-sommes-nous\/telma\/#breadcrumb","itemListElement":[{"@type":"ListItem","position":1,"name":"Home","item":"https:\/\/immuno-t.inmotion.care\/fr\/"},{"@type":"ListItem","position":2,"name":"Qui sommes-nous ?","item":"https:\/\/immuno-t.inmotion.care\/fr\/qui-sommes-nous\/"},{"@type":"ListItem","position":3,"name":"Telma \/ Lieve Achten"}]},{"@type":"WebSite","@id":"https:\/\/immuno-t.inmotion.care\/fr\/#website","url":"https:\/\/immuno-t.inmotion.care\/fr\/","name":"Immuno-T","description":"De eerste motion comic die pati\u00ebnten en familie uitlegt hoe immunotherapie werkt.","publisher":{"@id":"https:\/\/immuno-t.inmotion.care\/fr\/#organization"},"potentialAction":[{"@type":"SearchAction","target":{"@type":"EntryPoint","urlTemplate":"https:\/\/immuno-t.inmotion.care\/fr\/?s={search_term_string}"},"query-input":{"@type":"PropertyValueSpecification","valueRequired":true,"valueName":"search_term_string"}}],"inLanguage":"fr-FR"},{"@type":"Organization","@id":"https:\/\/immuno-t.inmotion.care\/fr\/#organization","name":"Immuno-T","url":"https:\/\/immuno-t.inmotion.care\/fr\/","logo":{"@type":"ImageObject","inLanguage":"fr-FR","@id":"https:\/\/immuno-t.inmotion.care\/fr\/#\/schema\/logo\/image\/","url":"https:\/\/immuno-t.inmotion.care\/wp-content\/uploads\/2018\/01\/immuno-t_logo.png","contentUrl":"https:\/\/immuno-t.inmotion.care\/wp-content\/uploads\/2018\/01\/immuno-t_logo.png","width":450,"height":150,"caption":"Immuno-T"},"image":{"@id":"https:\/\/immuno-t.inmotion.care\/fr\/#\/schema\/logo\/image\/"}}]}},"_links":{"self":[{"href":"https:\/\/immuno-t.inmotion.care\/fr\/wp-json\/wp\/v2\/pages\/411","targetHints":{"allow":["GET"]}}],"collection":[{"href":"https:\/\/immuno-t.inmotion.care\/fr\/wp-json\/wp\/v2\/pages"}],"about":[{"href":"https:\/\/immuno-t.inmotion.care\/fr\/wp-json\/wp\/v2\/types\/page"}],"author":[{"embeddable":true,"href":"https:\/\/immuno-t.inmotion.care\/fr\/wp-json\/wp\/v2\/users\/1"}],"replies":[{"embeddable":true,"href":"https:\/\/immuno-t.inmotion.care\/fr\/wp-json\/wp\/v2\/comments?post=411"}],"version-history":[{"count":2,"href":"https:\/\/immuno-t.inmotion.care\/fr\/wp-json\/wp\/v2\/pages\/411\/revisions"}],"predecessor-version":[{"id":455,"href":"https:\/\/immuno-t.inmotion.care\/fr\/wp-json\/wp\/v2\/pages\/411\/revisions\/455"}],"up":[{"embeddable":true,"href":"https:\/\/immuno-t.inmotion.care\/fr\/wp-json\/wp\/v2\/pages\/93"}],"wp:featuredmedia":[{"embeddable":true,"href":"https:\/\/immuno-t.inmotion.care\/fr\/wp-json\/wp\/v2\/media\/197"}],"wp:attachment":[{"href":"https:\/\/immuno-t.inmotion.care\/fr\/wp-json\/wp\/v2\/media?parent=411"}],"curies":[{"name":"wp","href":"https:\/\/api.w.org\/{rel}","templated":true}]}}