{"id":423,"date":"2018-02-01T22:45:42","date_gmt":"2018-02-01T22:45:42","guid":{"rendered":"http:\/\/immuno-t.inmotion.care\/?page_id=423"},"modified":"2018-02-01T22:45:42","modified_gmt":"2018-02-01T22:45:42","slug":"uz-gent","status":"publish","type":"page","link":"https:\/\/immuno-t.inmotion.care\/fr\/qui-sommes-nous\/uz-gent\/","title":{"rendered":"UZ Gent"},"content":{"rendered":"<p>L&rsquo;h\u00f4pital universitaire de Gand (UZ Gent) est un des plus grands h\u00f4pitaux de Flandre. Il offre une grande vari\u00e9t\u00e9 de sp\u00e9cialisations. Chaque jour, 6000 collaborateurs font de leur mieux pour accueillir et soigner plus de 3000 patients. En collaboration avec la Facult\u00e9 de M\u00e9decine de l&rsquo;Ugent, l&rsquo;UZ Gent investit fortement dans la recherche scientifique et la formation. Ainsi, l&rsquo;UZ Gent contribue au d\u00e9veloppement des soins de sant\u00e9 du futur. Plus d&rsquo;info sur <a href=\"https:\/\/www.uzgent.be\/\">uzgent.be<\/a><\/p>\n","protected":false},"excerpt":{"rendered":"<p>L&rsquo;h\u00f4pital universitaire de Gand (UZ Gent) est un des plus grands h\u00f4pitaux de Flandre. Il offre une grande vari\u00e9t\u00e9 de sp\u00e9cialisations. Chaque jour, 6000 collaborateurs font de leur mieux pour accueillir et soigner plus de 3000 patients. En collaboration avec la Facult\u00e9 de M\u00e9decine de l&rsquo;Ugent, l&rsquo;UZ Gent investit fortement dans la recherche scientifique et [&hellip;]<\/p>\n","protected":false},"author":1,"featured_media":209,"parent":93,"menu_order":8,"comment_status":"closed","ping_status":"closed","template":"","meta":{"_genesis_hide_title":false,"_genesis_hide_breadcrumbs":false,"_genesis_hide_singular_image":false,"_genesis_hide_footer_widgets":false,"_genesis_custom_body_class":"","_genesis_custom_post_class":"","_genesis_layout":"","footnotes":""},"class_list":{"0":"post-423","1":"page","2":"type-page","3":"status-publish","4":"has-post-thumbnail","6":"entry"},"yoast_head":"<!-- This site is optimized with the Yoast SEO plugin v27.4 - https:\/\/yoast.com\/product\/yoast-seo-wordpress\/ -->\n<title>UZ Gent - Immuno-T<\/title>\n<meta name=\"robots\" content=\"index, follow, max-snippet:-1, max-image-preview:large, max-video-preview:-1\" \/>\n<link rel=\"canonical\" href=\"https:\/\/immuno-t.inmotion.care\/fr\/qui-sommes-nous\/uz-gent\/\" \/>\n<meta property=\"og:locale\" content=\"fr_FR\" \/>\n<meta property=\"og:type\" content=\"article\" \/>\n<meta property=\"og:title\" content=\"UZ Gent - Immuno-T\" \/>\n<meta property=\"og:description\" content=\"L&rsquo;h\u00f4pital universitaire de Gand (UZ Gent) est un des plus grands h\u00f4pitaux de Flandre. Il offre une grande vari\u00e9t\u00e9 de sp\u00e9cialisations. Chaque jour, 6000 collaborateurs font de leur mieux pour accueillir et soigner plus de 3000 patients. En collaboration avec la Facult\u00e9 de M\u00e9decine de l&rsquo;Ugent, l&rsquo;UZ Gent investit fortement dans la recherche scientifique et [&hellip;]\" \/>\n<meta property=\"og:url\" content=\"https:\/\/immuno-t.inmotion.care\/fr\/qui-sommes-nous\/uz-gent\/\" \/>\n<meta property=\"og:site_name\" content=\"Immuno-T\" \/>\n<meta property=\"og:image\" content=\"https:\/\/immuno-t.inmotion.care\/wp-content\/uploads\/2018\/02\/overons_uzgent2.jpg\" \/>\n\t<meta property=\"og:image:width\" content=\"995\" \/>\n\t<meta property=\"og:image:height\" content=\"640\" \/>\n\t<meta property=\"og:image:type\" content=\"image\/jpeg\" \/>\n<meta name=\"twitter:card\" content=\"summary_large_image\" \/>\n<script type=\"application\/ld+json\" class=\"yoast-schema-graph\">{\"@context\":\"https:\\\/\\\/schema.org\",\"@graph\":[{\"@type\":\"WebPage\",\"@id\":\"https:\\\/\\\/immuno-t.inmotion.care\\\/fr\\\/qui-sommes-nous\\\/uz-gent\\\/\",\"url\":\"https:\\\/\\\/immuno-t.inmotion.care\\\/fr\\\/qui-sommes-nous\\\/uz-gent\\\/\",\"name\":\"UZ Gent - Immuno-T\",\"isPartOf\":{\"@id\":\"https:\\\/\\\/immuno-t.inmotion.care\\\/fr\\\/#website\"},\"primaryImageOfPage\":{\"@id\":\"https:\\\/\\\/immuno-t.inmotion.care\\\/fr\\\/qui-sommes-nous\\\/uz-gent\\\/#primaryimage\"},\"image\":{\"@id\":\"https:\\\/\\\/immuno-t.inmotion.care\\\/fr\\\/qui-sommes-nous\\\/uz-gent\\\/#primaryimage\"},\"thumbnailUrl\":\"https:\\\/\\\/immuno-t.inmotion.care\\\/wp-content\\\/uploads\\\/2018\\\/02\\\/overons_uzgent2.jpg\",\"datePublished\":\"2018-02-01T22:45:42+00:00\",\"breadcrumb\":{\"@id\":\"https:\\\/\\\/immuno-t.inmotion.care\\\/fr\\\/qui-sommes-nous\\\/uz-gent\\\/#breadcrumb\"},\"inLanguage\":\"fr-FR\",\"potentialAction\":[{\"@type\":\"ReadAction\",\"target\":[\"https:\\\/\\\/immuno-t.inmotion.care\\\/fr\\\/qui-sommes-nous\\\/uz-gent\\\/\"]}]},{\"@type\":\"ImageObject\",\"inLanguage\":\"fr-FR\",\"@id\":\"https:\\\/\\\/immuno-t.inmotion.care\\\/fr\\\/qui-sommes-nous\\\/uz-gent\\\/#primaryimage\",\"url\":\"https:\\\/\\\/immuno-t.inmotion.care\\\/wp-content\\\/uploads\\\/2018\\\/02\\\/overons_uzgent2.jpg\",\"contentUrl\":\"https:\\\/\\\/immuno-t.inmotion.care\\\/wp-content\\\/uploads\\\/2018\\\/02\\\/overons_uzgent2.jpg\",\"width\":995,\"height\":640},{\"@type\":\"BreadcrumbList\",\"@id\":\"https:\\\/\\\/immuno-t.inmotion.care\\\/fr\\\/qui-sommes-nous\\\/uz-gent\\\/#breadcrumb\",\"itemListElement\":[{\"@type\":\"ListItem\",\"position\":1,\"name\":\"Home\",\"item\":\"https:\\\/\\\/immuno-t.inmotion.care\\\/fr\\\/\"},{\"@type\":\"ListItem\",\"position\":2,\"name\":\"Qui sommes-nous ?\",\"item\":\"https:\\\/\\\/immuno-t.inmotion.care\\\/fr\\\/qui-sommes-nous\\\/\"},{\"@type\":\"ListItem\",\"position\":3,\"name\":\"UZ Gent\"}]},{\"@type\":\"WebSite\",\"@id\":\"https:\\\/\\\/immuno-t.inmotion.care\\\/fr\\\/#website\",\"url\":\"https:\\\/\\\/immuno-t.inmotion.care\\\/fr\\\/\",\"name\":\"Immuno-T\",\"description\":\"De eerste motion comic die pati\u00ebnten en familie uitlegt hoe immunotherapie werkt.\",\"publisher\":{\"@id\":\"https:\\\/\\\/immuno-t.inmotion.care\\\/fr\\\/#organization\"},\"potentialAction\":[{\"@type\":\"SearchAction\",\"target\":{\"@type\":\"EntryPoint\",\"urlTemplate\":\"https:\\\/\\\/immuno-t.inmotion.care\\\/fr\\\/?s={search_term_string}\"},\"query-input\":{\"@type\":\"PropertyValueSpecification\",\"valueRequired\":true,\"valueName\":\"search_term_string\"}}],\"inLanguage\":\"fr-FR\"},{\"@type\":\"Organization\",\"@id\":\"https:\\\/\\\/immuno-t.inmotion.care\\\/fr\\\/#organization\",\"name\":\"Immuno-T\",\"url\":\"https:\\\/\\\/immuno-t.inmotion.care\\\/fr\\\/\",\"logo\":{\"@type\":\"ImageObject\",\"inLanguage\":\"fr-FR\",\"@id\":\"https:\\\/\\\/immuno-t.inmotion.care\\\/fr\\\/#\\\/schema\\\/logo\\\/image\\\/\",\"url\":\"https:\\\/\\\/immuno-t.inmotion.care\\\/wp-content\\\/uploads\\\/2018\\\/01\\\/immuno-t_logo.png\",\"contentUrl\":\"https:\\\/\\\/immuno-t.inmotion.care\\\/wp-content\\\/uploads\\\/2018\\\/01\\\/immuno-t_logo.png\",\"width\":450,\"height\":150,\"caption\":\"Immuno-T\"},\"image\":{\"@id\":\"https:\\\/\\\/immuno-t.inmotion.care\\\/fr\\\/#\\\/schema\\\/logo\\\/image\\\/\"}}]}<\/script>\n<!-- \/ Yoast SEO plugin. -->","yoast_head_json":{"title":"UZ Gent - Immuno-T","robots":{"index":"index","follow":"follow","max-snippet":"max-snippet:-1","max-image-preview":"max-image-preview:large","max-video-preview":"max-video-preview:-1"},"canonical":"https:\/\/immuno-t.inmotion.care\/fr\/qui-sommes-nous\/uz-gent\/","og_locale":"fr_FR","og_type":"article","og_title":"UZ Gent - Immuno-T","og_description":"L&rsquo;h\u00f4pital universitaire de Gand (UZ Gent) est un des plus grands h\u00f4pitaux de Flandre. Il offre une grande vari\u00e9t\u00e9 de sp\u00e9cialisations. Chaque jour, 6000 collaborateurs font de leur mieux pour accueillir et soigner plus de 3000 patients. En collaboration avec la Facult\u00e9 de M\u00e9decine de l&rsquo;Ugent, l&rsquo;UZ Gent investit fortement dans la recherche scientifique et [&hellip;]","og_url":"https:\/\/immuno-t.inmotion.care\/fr\/qui-sommes-nous\/uz-gent\/","og_site_name":"Immuno-T","og_image":[{"width":995,"height":640,"url":"https:\/\/immuno-t.inmotion.care\/wp-content\/uploads\/2018\/02\/overons_uzgent2.jpg","type":"image\/jpeg"}],"twitter_card":"summary_large_image","schema":{"@context":"https:\/\/schema.org","@graph":[{"@type":"WebPage","@id":"https:\/\/immuno-t.inmotion.care\/fr\/qui-sommes-nous\/uz-gent\/","url":"https:\/\/immuno-t.inmotion.care\/fr\/qui-sommes-nous\/uz-gent\/","name":"UZ Gent - Immuno-T","isPartOf":{"@id":"https:\/\/immuno-t.inmotion.care\/fr\/#website"},"primaryImageOfPage":{"@id":"https:\/\/immuno-t.inmotion.care\/fr\/qui-sommes-nous\/uz-gent\/#primaryimage"},"image":{"@id":"https:\/\/immuno-t.inmotion.care\/fr\/qui-sommes-nous\/uz-gent\/#primaryimage"},"thumbnailUrl":"https:\/\/immuno-t.inmotion.care\/wp-content\/uploads\/2018\/02\/overons_uzgent2.jpg","datePublished":"2018-02-01T22:45:42+00:00","breadcrumb":{"@id":"https:\/\/immuno-t.inmotion.care\/fr\/qui-sommes-nous\/uz-gent\/#breadcrumb"},"inLanguage":"fr-FR","potentialAction":[{"@type":"ReadAction","target":["https:\/\/immuno-t.inmotion.care\/fr\/qui-sommes-nous\/uz-gent\/"]}]},{"@type":"ImageObject","inLanguage":"fr-FR","@id":"https:\/\/immuno-t.inmotion.care\/fr\/qui-sommes-nous\/uz-gent\/#primaryimage","url":"https:\/\/immuno-t.inmotion.care\/wp-content\/uploads\/2018\/02\/overons_uzgent2.jpg","contentUrl":"https:\/\/immuno-t.inmotion.care\/wp-content\/uploads\/2018\/02\/overons_uzgent2.jpg","width":995,"height":640},{"@type":"BreadcrumbList","@id":"https:\/\/immuno-t.inmotion.care\/fr\/qui-sommes-nous\/uz-gent\/#breadcrumb","itemListElement":[{"@type":"ListItem","position":1,"name":"Home","item":"https:\/\/immuno-t.inmotion.care\/fr\/"},{"@type":"ListItem","position":2,"name":"Qui sommes-nous ?","item":"https:\/\/immuno-t.inmotion.care\/fr\/qui-sommes-nous\/"},{"@type":"ListItem","position":3,"name":"UZ Gent"}]},{"@type":"WebSite","@id":"https:\/\/immuno-t.inmotion.care\/fr\/#website","url":"https:\/\/immuno-t.inmotion.care\/fr\/","name":"Immuno-T","description":"De eerste motion comic die pati\u00ebnten en familie uitlegt hoe immunotherapie werkt.","publisher":{"@id":"https:\/\/immuno-t.inmotion.care\/fr\/#organization"},"potentialAction":[{"@type":"SearchAction","target":{"@type":"EntryPoint","urlTemplate":"https:\/\/immuno-t.inmotion.care\/fr\/?s={search_term_string}"},"query-input":{"@type":"PropertyValueSpecification","valueRequired":true,"valueName":"search_term_string"}}],"inLanguage":"fr-FR"},{"@type":"Organization","@id":"https:\/\/immuno-t.inmotion.care\/fr\/#organization","name":"Immuno-T","url":"https:\/\/immuno-t.inmotion.care\/fr\/","logo":{"@type":"ImageObject","inLanguage":"fr-FR","@id":"https:\/\/immuno-t.inmotion.care\/fr\/#\/schema\/logo\/image\/","url":"https:\/\/immuno-t.inmotion.care\/wp-content\/uploads\/2018\/01\/immuno-t_logo.png","contentUrl":"https:\/\/immuno-t.inmotion.care\/wp-content\/uploads\/2018\/01\/immuno-t_logo.png","width":450,"height":150,"caption":"Immuno-T"},"image":{"@id":"https:\/\/immuno-t.inmotion.care\/fr\/#\/schema\/logo\/image\/"}}]}},"_links":{"self":[{"href":"https:\/\/immuno-t.inmotion.care\/fr\/wp-json\/wp\/v2\/pages\/423","targetHints":{"allow":["GET"]}}],"collection":[{"href":"https:\/\/immuno-t.inmotion.care\/fr\/wp-json\/wp\/v2\/pages"}],"about":[{"href":"https:\/\/immuno-t.inmotion.care\/fr\/wp-json\/wp\/v2\/types\/page"}],"author":[{"embeddable":true,"href":"https:\/\/immuno-t.inmotion.care\/fr\/wp-json\/wp\/v2\/users\/1"}],"replies":[{"embeddable":true,"href":"https:\/\/immuno-t.inmotion.care\/fr\/wp-json\/wp\/v2\/comments?post=423"}],"version-history":[{"count":1,"href":"https:\/\/immuno-t.inmotion.care\/fr\/wp-json\/wp\/v2\/pages\/423\/revisions"}],"predecessor-version":[{"id":424,"href":"https:\/\/immuno-t.inmotion.care\/fr\/wp-json\/wp\/v2\/pages\/423\/revisions\/424"}],"up":[{"embeddable":true,"href":"https:\/\/immuno-t.inmotion.care\/fr\/wp-json\/wp\/v2\/pages\/93"}],"wp:featuredmedia":[{"embeddable":true,"href":"https:\/\/immuno-t.inmotion.care\/fr\/wp-json\/wp\/v2\/media\/209"}],"wp:attachment":[{"href":"https:\/\/immuno-t.inmotion.care\/fr\/wp-json\/wp\/v2\/media?parent=423"}],"curies":[{"name":"wp","href":"https:\/\/api.w.org\/{rel}","templated":true}]}}