{"id":630,"date":"2018-10-18T16:48:57","date_gmt":"2018-10-18T16:48:57","guid":{"rendered":"http:\/\/immuno-t.inmotion.care\/?page_id=630"},"modified":"2018-10-18T16:48:57","modified_gmt":"2018-10-18T16:48:57","slug":"stuff","status":"publish","type":"page","link":"https:\/\/immuno-t.inmotion.care\/fr\/qui-sommes-nous\/stuff\/","title":{"rendered":"STUFF."},"content":{"rendered":"<p><a href=\"http:\/\/www.stuffisthebandname.com\/\">STUFF.<\/a> est un groupe de 5 musiciens original de &lsquo;Gentwerp&rsquo;. Leur approche fra\u00eeche et organique a \u00e9t\u00e9 pleinement appr\u00e9ci\u00e9e tant sur disque que sur sc\u00e8ne, chez eux et \u00e0 l\u2019\u00e9tranger.<\/p>\n<p>L&rsquo;importance de la diffusion d&rsquo;informations sur le traitement du cancer a convaincu la bande d&rsquo;accepter ce d\u00e9fi. Avec le regard tourn\u00e9 vers l&rsquo;avenir et un c\u0153ur pour tous ceux qui sont engag\u00e9s dans la lutte contre le cancer, STUFF. veut proposer une bande-son qui suscite l\u2019espoir et le r\u00e9confort de tous ceux qui doivent faire face aux cons\u00e9quences de cette maladie grave.<\/p>\n","protected":false},"excerpt":{"rendered":"<p>STUFF. est un groupe de 5 musiciens original de &lsquo;Gentwerp&rsquo;. Leur approche fra\u00eeche et organique a \u00e9t\u00e9 pleinement appr\u00e9ci\u00e9e tant sur disque que sur sc\u00e8ne, chez eux et \u00e0 l\u2019\u00e9tranger. L&rsquo;importance de la diffusion d&rsquo;informations sur le traitement du cancer a convaincu la bande d&rsquo;accepter ce d\u00e9fi. Avec le regard tourn\u00e9 vers l&rsquo;avenir et un [&hellip;]<\/p>\n","protected":false},"author":1,"featured_media":602,"parent":93,"menu_order":10,"comment_status":"closed","ping_status":"closed","template":"","meta":{"_genesis_hide_title":false,"_genesis_hide_breadcrumbs":false,"_genesis_hide_singular_image":false,"_genesis_hide_footer_widgets":false,"_genesis_custom_body_class":"","_genesis_custom_post_class":"","_genesis_layout":"","footnotes":""},"class_list":{"0":"post-630","1":"page","2":"type-page","3":"status-publish","4":"has-post-thumbnail","6":"entry"},"yoast_head":"<!-- This site is optimized with the Yoast SEO plugin v27.3 - https:\/\/yoast.com\/product\/yoast-seo-wordpress\/ -->\n<title>STUFF. - Immuno-T<\/title>\n<meta name=\"robots\" content=\"index, follow, max-snippet:-1, max-image-preview:large, max-video-preview:-1\" \/>\n<link rel=\"canonical\" href=\"https:\/\/immuno-t.inmotion.care\/fr\/qui-sommes-nous\/stuff\/\" \/>\n<meta property=\"og:locale\" content=\"fr_FR\" \/>\n<meta property=\"og:type\" content=\"article\" \/>\n<meta property=\"og:title\" content=\"STUFF. - Immuno-T\" \/>\n<meta property=\"og:description\" content=\"STUFF. est un groupe de 5 musiciens original de &lsquo;Gentwerp&rsquo;. Leur approche fra\u00eeche et organique a \u00e9t\u00e9 pleinement appr\u00e9ci\u00e9e tant sur disque que sur sc\u00e8ne, chez eux et \u00e0 l\u2019\u00e9tranger. L&rsquo;importance de la diffusion d&rsquo;informations sur le traitement du cancer a convaincu la bande d&rsquo;accepter ce d\u00e9fi. Avec le regard tourn\u00e9 vers l&rsquo;avenir et un [&hellip;]\" \/>\n<meta property=\"og:url\" content=\"https:\/\/immuno-t.inmotion.care\/fr\/qui-sommes-nous\/stuff\/\" \/>\n<meta property=\"og:site_name\" content=\"Immuno-T\" \/>\n<meta property=\"og:image\" content=\"https:\/\/immuno-t.inmotion.care\/wp-content\/uploads\/2018\/10\/overons_stuff.jpg\" \/>\n\t<meta property=\"og:image:width\" content=\"995\" \/>\n\t<meta property=\"og:image:height\" content=\"640\" \/>\n\t<meta property=\"og:image:type\" content=\"image\/jpeg\" \/>\n<meta name=\"twitter:card\" content=\"summary_large_image\" \/>\n<meta name=\"twitter:label1\" content=\"Dur\u00e9e de lecture estim\u00e9e\" \/>\n\t<meta name=\"twitter:data1\" content=\"1 minute\" \/>\n<script type=\"application\/ld+json\" class=\"yoast-schema-graph\">{\"@context\":\"https:\\\/\\\/schema.org\",\"@graph\":[{\"@type\":\"WebPage\",\"@id\":\"https:\\\/\\\/immuno-t.inmotion.care\\\/fr\\\/qui-sommes-nous\\\/stuff\\\/\",\"url\":\"https:\\\/\\\/immuno-t.inmotion.care\\\/fr\\\/qui-sommes-nous\\\/stuff\\\/\",\"name\":\"STUFF. - Immuno-T\",\"isPartOf\":{\"@id\":\"https:\\\/\\\/immuno-t.inmotion.care\\\/fr\\\/#website\"},\"primaryImageOfPage\":{\"@id\":\"https:\\\/\\\/immuno-t.inmotion.care\\\/fr\\\/qui-sommes-nous\\\/stuff\\\/#primaryimage\"},\"image\":{\"@id\":\"https:\\\/\\\/immuno-t.inmotion.care\\\/fr\\\/qui-sommes-nous\\\/stuff\\\/#primaryimage\"},\"thumbnailUrl\":\"https:\\\/\\\/immuno-t.inmotion.care\\\/wp-content\\\/uploads\\\/2018\\\/10\\\/overons_stuff.jpg\",\"datePublished\":\"2018-10-18T16:48:57+00:00\",\"breadcrumb\":{\"@id\":\"https:\\\/\\\/immuno-t.inmotion.care\\\/fr\\\/qui-sommes-nous\\\/stuff\\\/#breadcrumb\"},\"inLanguage\":\"fr-FR\",\"potentialAction\":[{\"@type\":\"ReadAction\",\"target\":[\"https:\\\/\\\/immuno-t.inmotion.care\\\/fr\\\/qui-sommes-nous\\\/stuff\\\/\"]}]},{\"@type\":\"ImageObject\",\"inLanguage\":\"fr-FR\",\"@id\":\"https:\\\/\\\/immuno-t.inmotion.care\\\/fr\\\/qui-sommes-nous\\\/stuff\\\/#primaryimage\",\"url\":\"https:\\\/\\\/immuno-t.inmotion.care\\\/wp-content\\\/uploads\\\/2018\\\/10\\\/overons_stuff.jpg\",\"contentUrl\":\"https:\\\/\\\/immuno-t.inmotion.care\\\/wp-content\\\/uploads\\\/2018\\\/10\\\/overons_stuff.jpg\",\"width\":995,\"height\":640},{\"@type\":\"BreadcrumbList\",\"@id\":\"https:\\\/\\\/immuno-t.inmotion.care\\\/fr\\\/qui-sommes-nous\\\/stuff\\\/#breadcrumb\",\"itemListElement\":[{\"@type\":\"ListItem\",\"position\":1,\"name\":\"Home\",\"item\":\"https:\\\/\\\/immuno-t.inmotion.care\\\/fr\\\/\"},{\"@type\":\"ListItem\",\"position\":2,\"name\":\"Qui sommes-nous ?\",\"item\":\"https:\\\/\\\/immuno-t.inmotion.care\\\/fr\\\/qui-sommes-nous\\\/\"},{\"@type\":\"ListItem\",\"position\":3,\"name\":\"STUFF.\"}]},{\"@type\":\"WebSite\",\"@id\":\"https:\\\/\\\/immuno-t.inmotion.care\\\/fr\\\/#website\",\"url\":\"https:\\\/\\\/immuno-t.inmotion.care\\\/fr\\\/\",\"name\":\"Immuno-T\",\"description\":\"De eerste motion comic die pati\u00ebnten en familie uitlegt hoe immunotherapie werkt.\",\"publisher\":{\"@id\":\"https:\\\/\\\/immuno-t.inmotion.care\\\/fr\\\/#organization\"},\"potentialAction\":[{\"@type\":\"SearchAction\",\"target\":{\"@type\":\"EntryPoint\",\"urlTemplate\":\"https:\\\/\\\/immuno-t.inmotion.care\\\/fr\\\/?s={search_term_string}\"},\"query-input\":{\"@type\":\"PropertyValueSpecification\",\"valueRequired\":true,\"valueName\":\"search_term_string\"}}],\"inLanguage\":\"fr-FR\"},{\"@type\":\"Organization\",\"@id\":\"https:\\\/\\\/immuno-t.inmotion.care\\\/fr\\\/#organization\",\"name\":\"Immuno-T\",\"url\":\"https:\\\/\\\/immuno-t.inmotion.care\\\/fr\\\/\",\"logo\":{\"@type\":\"ImageObject\",\"inLanguage\":\"fr-FR\",\"@id\":\"https:\\\/\\\/immuno-t.inmotion.care\\\/fr\\\/#\\\/schema\\\/logo\\\/image\\\/\",\"url\":\"https:\\\/\\\/immuno-t.inmotion.care\\\/wp-content\\\/uploads\\\/2018\\\/01\\\/immuno-t_logo.png\",\"contentUrl\":\"https:\\\/\\\/immuno-t.inmotion.care\\\/wp-content\\\/uploads\\\/2018\\\/01\\\/immuno-t_logo.png\",\"width\":450,\"height\":150,\"caption\":\"Immuno-T\"},\"image\":{\"@id\":\"https:\\\/\\\/immuno-t.inmotion.care\\\/fr\\\/#\\\/schema\\\/logo\\\/image\\\/\"}}]}<\/script>\n<!-- \/ Yoast SEO plugin. -->","yoast_head_json":{"title":"STUFF. - Immuno-T","robots":{"index":"index","follow":"follow","max-snippet":"max-snippet:-1","max-image-preview":"max-image-preview:large","max-video-preview":"max-video-preview:-1"},"canonical":"https:\/\/immuno-t.inmotion.care\/fr\/qui-sommes-nous\/stuff\/","og_locale":"fr_FR","og_type":"article","og_title":"STUFF. - Immuno-T","og_description":"STUFF. est un groupe de 5 musiciens original de &lsquo;Gentwerp&rsquo;. Leur approche fra\u00eeche et organique a \u00e9t\u00e9 pleinement appr\u00e9ci\u00e9e tant sur disque que sur sc\u00e8ne, chez eux et \u00e0 l\u2019\u00e9tranger. L&rsquo;importance de la diffusion d&rsquo;informations sur le traitement du cancer a convaincu la bande d&rsquo;accepter ce d\u00e9fi. Avec le regard tourn\u00e9 vers l&rsquo;avenir et un [&hellip;]","og_url":"https:\/\/immuno-t.inmotion.care\/fr\/qui-sommes-nous\/stuff\/","og_site_name":"Immuno-T","og_image":[{"width":995,"height":640,"url":"https:\/\/immuno-t.inmotion.care\/wp-content\/uploads\/2018\/10\/overons_stuff.jpg","type":"image\/jpeg"}],"twitter_card":"summary_large_image","twitter_misc":{"Dur\u00e9e de lecture estim\u00e9e":"1 minute"},"schema":{"@context":"https:\/\/schema.org","@graph":[{"@type":"WebPage","@id":"https:\/\/immuno-t.inmotion.care\/fr\/qui-sommes-nous\/stuff\/","url":"https:\/\/immuno-t.inmotion.care\/fr\/qui-sommes-nous\/stuff\/","name":"STUFF. - Immuno-T","isPartOf":{"@id":"https:\/\/immuno-t.inmotion.care\/fr\/#website"},"primaryImageOfPage":{"@id":"https:\/\/immuno-t.inmotion.care\/fr\/qui-sommes-nous\/stuff\/#primaryimage"},"image":{"@id":"https:\/\/immuno-t.inmotion.care\/fr\/qui-sommes-nous\/stuff\/#primaryimage"},"thumbnailUrl":"https:\/\/immuno-t.inmotion.care\/wp-content\/uploads\/2018\/10\/overons_stuff.jpg","datePublished":"2018-10-18T16:48:57+00:00","breadcrumb":{"@id":"https:\/\/immuno-t.inmotion.care\/fr\/qui-sommes-nous\/stuff\/#breadcrumb"},"inLanguage":"fr-FR","potentialAction":[{"@type":"ReadAction","target":["https:\/\/immuno-t.inmotion.care\/fr\/qui-sommes-nous\/stuff\/"]}]},{"@type":"ImageObject","inLanguage":"fr-FR","@id":"https:\/\/immuno-t.inmotion.care\/fr\/qui-sommes-nous\/stuff\/#primaryimage","url":"https:\/\/immuno-t.inmotion.care\/wp-content\/uploads\/2018\/10\/overons_stuff.jpg","contentUrl":"https:\/\/immuno-t.inmotion.care\/wp-content\/uploads\/2018\/10\/overons_stuff.jpg","width":995,"height":640},{"@type":"BreadcrumbList","@id":"https:\/\/immuno-t.inmotion.care\/fr\/qui-sommes-nous\/stuff\/#breadcrumb","itemListElement":[{"@type":"ListItem","position":1,"name":"Home","item":"https:\/\/immuno-t.inmotion.care\/fr\/"},{"@type":"ListItem","position":2,"name":"Qui sommes-nous ?","item":"https:\/\/immuno-t.inmotion.care\/fr\/qui-sommes-nous\/"},{"@type":"ListItem","position":3,"name":"STUFF."}]},{"@type":"WebSite","@id":"https:\/\/immuno-t.inmotion.care\/fr\/#website","url":"https:\/\/immuno-t.inmotion.care\/fr\/","name":"Immuno-T","description":"De eerste motion comic die pati\u00ebnten en familie uitlegt hoe immunotherapie werkt.","publisher":{"@id":"https:\/\/immuno-t.inmotion.care\/fr\/#organization"},"potentialAction":[{"@type":"SearchAction","target":{"@type":"EntryPoint","urlTemplate":"https:\/\/immuno-t.inmotion.care\/fr\/?s={search_term_string}"},"query-input":{"@type":"PropertyValueSpecification","valueRequired":true,"valueName":"search_term_string"}}],"inLanguage":"fr-FR"},{"@type":"Organization","@id":"https:\/\/immuno-t.inmotion.care\/fr\/#organization","name":"Immuno-T","url":"https:\/\/immuno-t.inmotion.care\/fr\/","logo":{"@type":"ImageObject","inLanguage":"fr-FR","@id":"https:\/\/immuno-t.inmotion.care\/fr\/#\/schema\/logo\/image\/","url":"https:\/\/immuno-t.inmotion.care\/wp-content\/uploads\/2018\/01\/immuno-t_logo.png","contentUrl":"https:\/\/immuno-t.inmotion.care\/wp-content\/uploads\/2018\/01\/immuno-t_logo.png","width":450,"height":150,"caption":"Immuno-T"},"image":{"@id":"https:\/\/immuno-t.inmotion.care\/fr\/#\/schema\/logo\/image\/"}}]}},"_links":{"self":[{"href":"https:\/\/immuno-t.inmotion.care\/fr\/wp-json\/wp\/v2\/pages\/630","targetHints":{"allow":["GET"]}}],"collection":[{"href":"https:\/\/immuno-t.inmotion.care\/fr\/wp-json\/wp\/v2\/pages"}],"about":[{"href":"https:\/\/immuno-t.inmotion.care\/fr\/wp-json\/wp\/v2\/types\/page"}],"author":[{"embeddable":true,"href":"https:\/\/immuno-t.inmotion.care\/fr\/wp-json\/wp\/v2\/users\/1"}],"replies":[{"embeddable":true,"href":"https:\/\/immuno-t.inmotion.care\/fr\/wp-json\/wp\/v2\/comments?post=630"}],"version-history":[{"count":1,"href":"https:\/\/immuno-t.inmotion.care\/fr\/wp-json\/wp\/v2\/pages\/630\/revisions"}],"predecessor-version":[{"id":631,"href":"https:\/\/immuno-t.inmotion.care\/fr\/wp-json\/wp\/v2\/pages\/630\/revisions\/631"}],"up":[{"embeddable":true,"href":"https:\/\/immuno-t.inmotion.care\/fr\/wp-json\/wp\/v2\/pages\/93"}],"wp:featuredmedia":[{"embeddable":true,"href":"https:\/\/immuno-t.inmotion.care\/fr\/wp-json\/wp\/v2\/media\/602"}],"wp:attachment":[{"href":"https:\/\/immuno-t.inmotion.care\/fr\/wp-json\/wp\/v2\/media?parent=630"}],"curies":[{"name":"wp","href":"https:\/\/api.w.org\/{rel}","templated":true}]}}