{"id":81,"date":"2018-01-30T16:36:34","date_gmt":"2018-01-30T16:36:34","guid":{"rendered":"http:\/\/immuno-t.inmotion.care\/?page_id=81"},"modified":"2025-09-17T09:03:25","modified_gmt":"2025-09-17T09:03:25","slug":"bienvenue","status":"publish","type":"page","link":"https:\/\/immuno-t.inmotion.care\/fr\/","title":{"rendered":"Bienvenue"},"content":{"rendered":"\t\t<div data-elementor-type=\"wp-page\" data-elementor-id=\"81\" class=\"elementor elementor-81 elementor-9\" data-elementor-post-type=\"page\">\n\t\t\t\t\t\t<section class=\"elementor-section elementor-top-section elementor-element elementor-element-fa4f269 elementor-section-boxed elementor-section-height-default elementor-section-height-default\" data-id=\"fa4f269\" data-element_type=\"section\" data-e-type=\"section\">\n\t\t\t\t\t\t<div class=\"elementor-container elementor-column-gap-default\">\n\t\t\t\t\t<div class=\"elementor-column elementor-col-100 elementor-top-column elementor-element elementor-element-509181b\" data-id=\"509181b\" data-element_type=\"column\" data-e-type=\"column\">\n\t\t\t<div class=\"elementor-widget-wrap elementor-element-populated\">\n\t\t\t\t\t\t<div class=\"elementor-element elementor-element-1cfe4f6 elementor-widget__width-initial elementor-widget elementor-widget-video\" data-id=\"1cfe4f6\" data-element_type=\"widget\" data-e-type=\"widget\" data-settings=\"{&quot;video_type&quot;:&quot;hosted&quot;,&quot;autoplay&quot;:&quot;yes&quot;,&quot;loop&quot;:&quot;yes&quot;,&quot;play_on_mobile&quot;:&quot;yes&quot;,&quot;mute&quot;:&quot;yes&quot;,&quot;controls&quot;:&quot;yes&quot;}\" data-widget_type=\"video.default\">\n\t\t\t\t<div class=\"elementor-widget-container\">\n\t\t\t\t\t\t\t<div class=\"e-hosted-video elementor-wrapper elementor-open-inline\">\n\t\t\t\t\t<video class=\"elementor-video\" src=\"http:\/\/skermwest.be\/projects\/immunot\/media\/immunot_teaser2025_v001_banner.mp4\" autoplay=\"\" loop=\"\" controls=\"\" muted=\"muted\" playsinline=\"\" controlsList=\"nodownload\"><\/video>\n\t\t\t\t<\/div>\n\t\t\t\t\t\t<\/div>\n\t\t\t\t<\/div>\n\t\t\t\t\t<\/div>\n\t\t<\/div>\n\t\t\t\t\t<\/div>\n\t\t<\/section>\n\t\t\t\t<section class=\"elementor-section elementor-top-section elementor-element elementor-element-8c27754 elementor-section-boxed elementor-section-height-default elementor-section-height-default\" data-id=\"8c27754\" data-element_type=\"section\" data-e-type=\"section\">\n\t\t\t\t\t\t<div class=\"elementor-container elementor-column-gap-default\">\n\t\t\t\t\t<div class=\"elementor-column elementor-col-100 elementor-top-column elementor-element elementor-element-7921551\" data-id=\"7921551\" data-element_type=\"column\" data-e-type=\"column\">\n\t\t\t<div class=\"elementor-widget-wrap elementor-element-populated\">\n\t\t\t\t\t\t<div class=\"elementor-element elementor-element-3cec5f9 elementor-widget elementor-widget-text-editor\" data-id=\"3cec5f9\" data-element_type=\"widget\" data-e-type=\"widget\" data-widget_type=\"text-editor.default\">\n\t\t\t\t<div class=\"elementor-widget-container\">\n\t\t\t\t\t\t\t\t\t<h3 style=\"text-align: center;\">La premi\u00e8re bande dessin\u00e9e anim\u00e9e qui explique aux patients et aux familles comment fonctionne l&rsquo;immunoth\u00e9rapie.<\/h3>\t\t\t\t\t\t\t\t<\/div>\n\t\t\t\t<\/div>\n\t\t\t\t\t<\/div>\n\t\t<\/div>\n\t\t\t\t\t<\/div>\n\t\t<\/section>\n\t\t\t\t<section class=\"elementor-section elementor-top-section elementor-element elementor-element-cb7ce4e elementor-section-boxed elementor-section-height-default elementor-section-height-default\" data-id=\"cb7ce4e\" data-element_type=\"section\" data-e-type=\"section\">\n\t\t\t\t\t\t<div class=\"elementor-container elementor-column-gap-default\">\n\t\t\t\t\t<div class=\"elementor-column elementor-col-100 elementor-top-column elementor-element elementor-element-51a4eff1\" data-id=\"51a4eff1\" data-element_type=\"column\" data-e-type=\"column\">\n\t\t\t<div class=\"elementor-widget-wrap elementor-element-populated\">\n\t\t\t\t\t\t<div class=\"elementor-element elementor-element-471f45ee elementor-widget elementor-widget-text-editor\" data-id=\"471f45ee\" data-element_type=\"widget\" data-e-type=\"widget\" data-widget_type=\"text-editor.default\">\n\t\t\t\t<div class=\"elementor-widget-container\">\n\t\t\t\t\t\t\t\t\t<p>L&rsquo;immunoth\u00e9rapie est une forme de traitement du cancer enti\u00e8rement nouvelle et r\u00e9cemment d\u00e9velopp\u00e9e. Elle repr\u00e9sente une avanc\u00e9e majeure dans le traitement de nombreux cancers, et les progr\u00e8s r\u00e9alis\u00e9s sont porteurs d&rsquo;espoir pour les chercheurs et les m\u00e9decins.<\/p><p>L&rsquo;immunoth\u00e9rapie fonctionne de mani\u00e8re totalement diff\u00e9rente des traitements anticanc\u00e9reux traditionnels, tels que la chimioth\u00e9rapie ou la radioth\u00e9rapie. Elle utilise le syst\u00e8me immunitaire du patient pour attaquer et d\u00e9truire les cellules canc\u00e9reuses. Il existe diff\u00e9rentes formes d&rsquo;immunoth\u00e9rapie, toutes complexes et difficiles \u00e0 expliquer.<\/p><p>C&rsquo;est pourquoi nous avons d\u00e9velopp\u00e9 cet outil en collaboration avec <a href=\"https:\/\/uzgent.be\/\" target=\"_blank\" rel=\"noopener\">UZ Gent<\/a><span style=\"font-size: 1rem;\">\u00a0&amp;\u00a0<\/span><a href=\"https:\/\/www.ugent.be\/\" target=\"_blank\" rel=\"noopener\">UGent<\/a>, <a href=\"https:\/\/www.crig.ugent.be\/nl\">Cancer Research Institute Gent (CRIG)<\/a><span style=\"font-size: 1rem;\">\u00a0<\/span>et <a href=\"https:\/\/www.crig.ugent.be\/en\/ion-immuno-oncology-network\">Immuno-Oncologisch Netwerk Gent (ION)<\/a><span style=\"font-size: 1rem;\">.<\/span><\/p>\t\t\t\t\t\t\t\t<\/div>\n\t\t\t\t<\/div>\n\t\t\t\t\t<\/div>\n\t\t<\/div>\n\t\t\t\t\t<\/div>\n\t\t<\/section>\n\t\t\t\t<section class=\"elementor-section elementor-top-section elementor-element elementor-element-99a8d55 elementor-section-boxed elementor-section-height-default elementor-section-height-default\" data-id=\"99a8d55\" data-element_type=\"section\" data-e-type=\"section\">\n\t\t\t\t\t\t<div class=\"elementor-container elementor-column-gap-default\">\n\t\t\t\t\t<div class=\"elementor-column elementor-col-25 elementor-top-column elementor-element elementor-element-9d691e4\" data-id=\"9d691e4\" data-element_type=\"column\" data-e-type=\"column\">\n\t\t\t<div class=\"elementor-widget-wrap\">\n\t\t\t\t\t\t\t<\/div>\n\t\t<\/div>\n\t\t\t\t<div class=\"elementor-column elementor-col-25 elementor-top-column elementor-element elementor-element-e887e7d elementor-invisible\" data-id=\"e887e7d\" data-element_type=\"column\" data-e-type=\"column\" data-settings=\"{&quot;animation&quot;:&quot;fadeInUp&quot;}\">\n\t\t\t<div class=\"elementor-widget-wrap elementor-element-populated\">\n\t\t\t\t\t\t<div class=\"elementor-element elementor-element-947549c elementor-widget elementor-widget-image\" data-id=\"947549c\" data-element_type=\"widget\" data-e-type=\"widget\" data-widget_type=\"image.default\">\n\t\t\t\t<div class=\"elementor-widget-container\">\n\t\t\t\t\t\t\t\t\t\t\t\t\t\t\t\t<a href=\"https:\/\/apps.apple.com\/be\/app\/immuno-t\/id1281477156\">\n\t\t\t\t\t\t\t<img fetchpriority=\"high\" decoding=\"async\" width=\"768\" height=\"227\" src=\"https:\/\/immuno-t.inmotion.care\/wp-content\/uploads\/2025\/09\/1280px-Download_on_the_App_Store_Badge.svg_-768x227.png\" class=\"attachment-medium_large size-medium_large wp-image-910\" alt=\"\" srcset=\"https:\/\/immuno-t.inmotion.care\/wp-content\/uploads\/2025\/09\/1280px-Download_on_the_App_Store_Badge.svg_-768x227.png 768w, https:\/\/immuno-t.inmotion.care\/wp-content\/uploads\/2025\/09\/1280px-Download_on_the_App_Store_Badge.svg_-300x89.png 300w, https:\/\/immuno-t.inmotion.care\/wp-content\/uploads\/2025\/09\/1280px-Download_on_the_App_Store_Badge.svg_-1024x303.png 1024w, https:\/\/immuno-t.inmotion.care\/wp-content\/uploads\/2025\/09\/1280px-Download_on_the_App_Store_Badge.svg_.png 1280w\" sizes=\"(max-width: 768px) 100vw, 768px\" \/>\t\t\t\t\t\t\t\t<\/a>\n\t\t\t\t\t\t\t\t\t\t\t\t\t\t\t<\/div>\n\t\t\t\t<\/div>\n\t\t\t\t\t<\/div>\n\t\t<\/div>\n\t\t\t\t<div class=\"elementor-column elementor-col-25 elementor-top-column elementor-element elementor-element-35f14c9 elementor-invisible\" data-id=\"35f14c9\" data-element_type=\"column\" data-e-type=\"column\" data-settings=\"{&quot;animation&quot;:&quot;fadeInUp&quot;,&quot;animation_delay&quot;:200}\">\n\t\t\t<div class=\"elementor-widget-wrap elementor-element-populated\">\n\t\t\t\t\t\t<div class=\"elementor-element elementor-element-49e78dd elementor-widget elementor-widget-image\" data-id=\"49e78dd\" data-element_type=\"widget\" data-e-type=\"widget\" data-widget_type=\"image.default\">\n\t\t\t\t<div class=\"elementor-widget-container\">\n\t\t\t\t\t\t\t\t\t\t\t\t\t\t\t\t<a href=\"https:\/\/play.google.com\/store\/apps\/details?id=be.skermwest.immunot\">\n\t\t\t\t\t\t\t<img decoding=\"async\" width=\"768\" height=\"228\" src=\"https:\/\/immuno-t.inmotion.care\/wp-content\/uploads\/2025\/09\/1200px-Google_Play_Store_badge_EN.svg_-768x228.png\" class=\"attachment-medium_large size-medium_large wp-image-913\" alt=\"\" srcset=\"https:\/\/immuno-t.inmotion.care\/wp-content\/uploads\/2025\/09\/1200px-Google_Play_Store_badge_EN.svg_-768x228.png 768w, https:\/\/immuno-t.inmotion.care\/wp-content\/uploads\/2025\/09\/1200px-Google_Play_Store_badge_EN.svg_-300x89.png 300w, https:\/\/immuno-t.inmotion.care\/wp-content\/uploads\/2025\/09\/1200px-Google_Play_Store_badge_EN.svg_-1024x304.png 1024w, https:\/\/immuno-t.inmotion.care\/wp-content\/uploads\/2025\/09\/1200px-Google_Play_Store_badge_EN.svg_.png 1200w\" sizes=\"(max-width: 768px) 100vw, 768px\" \/>\t\t\t\t\t\t\t\t<\/a>\n\t\t\t\t\t\t\t\t\t\t\t\t\t\t\t<\/div>\n\t\t\t\t<\/div>\n\t\t\t\t\t<\/div>\n\t\t<\/div>\n\t\t\t\t<div class=\"elementor-column elementor-col-25 elementor-top-column elementor-element elementor-element-39955c8\" data-id=\"39955c8\" data-element_type=\"column\" data-e-type=\"column\">\n\t\t\t<div class=\"elementor-widget-wrap\">\n\t\t\t\t\t\t\t<\/div>\n\t\t<\/div>\n\t\t\t\t\t<\/div>\n\t\t<\/section>\n\t\t\t\t<\/div>\n\t\t","protected":false},"excerpt":{"rendered":"<p>http:\/\/skermwest.be\/projects\/immunot\/media\/immunot_teaser2025_v001_banner.mp4 La premi\u00e8re bande dessin\u00e9e anim\u00e9e qui explique aux patients et aux familles comment fonctionne l&rsquo;immunoth\u00e9rapie. L&rsquo;immunoth\u00e9rapie est une forme de traitement du cancer enti\u00e8rement nouvelle et r\u00e9cemment d\u00e9velopp\u00e9e. Elle repr\u00e9sente une avanc\u00e9e majeure dans le traitement de nombreux cancers, et les progr\u00e8s r\u00e9alis\u00e9s sont porteurs d&rsquo;espoir pour les chercheurs et les m\u00e9decins. L&rsquo;immunoth\u00e9rapie fonctionne [&hellip;]<\/p>\n","protected":false},"author":1,"featured_media":0,"parent":0,"menu_order":0,"comment_status":"closed","ping_status":"closed","template":"","meta":{"_genesis_hide_title":false,"_genesis_hide_breadcrumbs":false,"_genesis_hide_singular_image":false,"_genesis_hide_footer_widgets":false,"_genesis_custom_body_class":"","_genesis_custom_post_class":"","_genesis_layout":"","footnotes":""},"class_list":{"0":"post-81","1":"page","2":"type-page","3":"status-publish","5":"entry"},"yoast_head":"<!-- This site is optimized with the Yoast SEO plugin v27.4 - https:\/\/yoast.com\/product\/yoast-seo-wordpress\/ -->\n<title>Bienvenue - Immuno-T<\/title>\n<meta name=\"robots\" content=\"index, follow, max-snippet:-1, max-image-preview:large, max-video-preview:-1\" \/>\n<link rel=\"canonical\" href=\"https:\/\/immuno-t.inmotion.care\/fr\/\" \/>\n<meta property=\"og:locale\" content=\"fr_FR\" \/>\n<meta property=\"og:type\" content=\"article\" \/>\n<meta property=\"og:title\" content=\"Bienvenue - Immuno-T\" \/>\n<meta property=\"og:description\" content=\"http:\/\/skermwest.be\/projects\/immunot\/media\/immunot_teaser2025_v001_banner.mp4 La premi\u00e8re bande dessin\u00e9e anim\u00e9e qui explique aux patients et aux familles comment fonctionne l&rsquo;immunoth\u00e9rapie. L&rsquo;immunoth\u00e9rapie est une forme de traitement du cancer enti\u00e8rement nouvelle et r\u00e9cemment d\u00e9velopp\u00e9e. Elle repr\u00e9sente une avanc\u00e9e majeure dans le traitement de nombreux cancers, et les progr\u00e8s r\u00e9alis\u00e9s sont porteurs d&rsquo;espoir pour les chercheurs et les m\u00e9decins. L&rsquo;immunoth\u00e9rapie fonctionne [&hellip;]\" \/>\n<meta property=\"og:url\" content=\"https:\/\/immuno-t.inmotion.care\/fr\/\" \/>\n<meta property=\"og:site_name\" content=\"Immuno-T\" \/>\n<meta property=\"article:modified_time\" content=\"2025-09-17T09:03:25+00:00\" \/>\n<meta property=\"og:image\" content=\"https:\/\/immuno-t.inmotion.care\/wp-content\/uploads\/2025\/09\/1280px-Download_on_the_App_Store_Badge.svg_.png\" \/>\n\t<meta property=\"og:image:width\" content=\"1280\" \/>\n\t<meta property=\"og:image:height\" content=\"379\" \/>\n\t<meta property=\"og:image:type\" content=\"image\/png\" \/>\n<meta name=\"twitter:card\" content=\"summary_large_image\" \/>\n<meta name=\"twitter:label1\" content=\"Dur\u00e9e de lecture estim\u00e9e\" \/>\n\t<meta name=\"twitter:data1\" content=\"1 minute\" \/>\n<script type=\"application\/ld+json\" class=\"yoast-schema-graph\">{\"@context\":\"https:\\\/\\\/schema.org\",\"@graph\":[{\"@type\":\"WebPage\",\"@id\":\"https:\\\/\\\/immuno-t.inmotion.care\\\/fr\\\/\",\"url\":\"https:\\\/\\\/immuno-t.inmotion.care\\\/fr\\\/\",\"name\":\"Bienvenue - Immuno-T\",\"isPartOf\":{\"@id\":\"https:\\\/\\\/immuno-t.inmotion.care\\\/fr\\\/#website\"},\"primaryImageOfPage\":{\"@id\":\"https:\\\/\\\/immuno-t.inmotion.care\\\/fr\\\/#primaryimage\"},\"image\":{\"@id\":\"https:\\\/\\\/immuno-t.inmotion.care\\\/fr\\\/#primaryimage\"},\"thumbnailUrl\":\"https:\\\/\\\/immuno-t.inmotion.care\\\/wp-content\\\/uploads\\\/2025\\\/09\\\/1280px-Download_on_the_App_Store_Badge.svg_-768x227.png\",\"datePublished\":\"2018-01-30T16:36:34+00:00\",\"dateModified\":\"2025-09-17T09:03:25+00:00\",\"breadcrumb\":{\"@id\":\"https:\\\/\\\/immuno-t.inmotion.care\\\/fr\\\/#breadcrumb\"},\"inLanguage\":\"fr-FR\",\"potentialAction\":[{\"@type\":\"ReadAction\",\"target\":[\"https:\\\/\\\/immuno-t.inmotion.care\\\/fr\\\/\"]}]},{\"@type\":\"ImageObject\",\"inLanguage\":\"fr-FR\",\"@id\":\"https:\\\/\\\/immuno-t.inmotion.care\\\/fr\\\/#primaryimage\",\"url\":\"https:\\\/\\\/immuno-t.inmotion.care\\\/wp-content\\\/uploads\\\/2025\\\/09\\\/1280px-Download_on_the_App_Store_Badge.svg_-768x227.png\",\"contentUrl\":\"https:\\\/\\\/immuno-t.inmotion.care\\\/wp-content\\\/uploads\\\/2025\\\/09\\\/1280px-Download_on_the_App_Store_Badge.svg_-768x227.png\"},{\"@type\":\"BreadcrumbList\",\"@id\":\"https:\\\/\\\/immuno-t.inmotion.care\\\/fr\\\/#breadcrumb\",\"itemListElement\":[{\"@type\":\"ListItem\",\"position\":1,\"name\":\"Home\",\"item\":\"https:\\\/\\\/immuno-t.inmotion.care\\\/fr\\\/\"},{\"@type\":\"ListItem\",\"position\":2,\"name\":\"Bienvenue\"}]},{\"@type\":\"WebSite\",\"@id\":\"https:\\\/\\\/immuno-t.inmotion.care\\\/fr\\\/#website\",\"url\":\"https:\\\/\\\/immuno-t.inmotion.care\\\/fr\\\/\",\"name\":\"Immuno-T\",\"description\":\"De eerste motion comic die pati\u00ebnten en familie uitlegt hoe immunotherapie werkt.\",\"publisher\":{\"@id\":\"https:\\\/\\\/immuno-t.inmotion.care\\\/fr\\\/#organization\"},\"potentialAction\":[{\"@type\":\"SearchAction\",\"target\":{\"@type\":\"EntryPoint\",\"urlTemplate\":\"https:\\\/\\\/immuno-t.inmotion.care\\\/fr\\\/?s={search_term_string}\"},\"query-input\":{\"@type\":\"PropertyValueSpecification\",\"valueRequired\":true,\"valueName\":\"search_term_string\"}}],\"inLanguage\":\"fr-FR\"},{\"@type\":\"Organization\",\"@id\":\"https:\\\/\\\/immuno-t.inmotion.care\\\/fr\\\/#organization\",\"name\":\"Immuno-T\",\"url\":\"https:\\\/\\\/immuno-t.inmotion.care\\\/fr\\\/\",\"logo\":{\"@type\":\"ImageObject\",\"inLanguage\":\"fr-FR\",\"@id\":\"https:\\\/\\\/immuno-t.inmotion.care\\\/fr\\\/#\\\/schema\\\/logo\\\/image\\\/\",\"url\":\"https:\\\/\\\/immuno-t.inmotion.care\\\/wp-content\\\/uploads\\\/2018\\\/01\\\/immuno-t_logo.png\",\"contentUrl\":\"https:\\\/\\\/immuno-t.inmotion.care\\\/wp-content\\\/uploads\\\/2018\\\/01\\\/immuno-t_logo.png\",\"width\":450,\"height\":150,\"caption\":\"Immuno-T\"},\"image\":{\"@id\":\"https:\\\/\\\/immuno-t.inmotion.care\\\/fr\\\/#\\\/schema\\\/logo\\\/image\\\/\"}}]}<\/script>\n<!-- \/ Yoast SEO plugin. -->","yoast_head_json":{"title":"Bienvenue - Immuno-T","robots":{"index":"index","follow":"follow","max-snippet":"max-snippet:-1","max-image-preview":"max-image-preview:large","max-video-preview":"max-video-preview:-1"},"canonical":"https:\/\/immuno-t.inmotion.care\/fr\/","og_locale":"fr_FR","og_type":"article","og_title":"Bienvenue - Immuno-T","og_description":"http:\/\/skermwest.be\/projects\/immunot\/media\/immunot_teaser2025_v001_banner.mp4 La premi\u00e8re bande dessin\u00e9e anim\u00e9e qui explique aux patients et aux familles comment fonctionne l&rsquo;immunoth\u00e9rapie. L&rsquo;immunoth\u00e9rapie est une forme de traitement du cancer enti\u00e8rement nouvelle et r\u00e9cemment d\u00e9velopp\u00e9e. Elle repr\u00e9sente une avanc\u00e9e majeure dans le traitement de nombreux cancers, et les progr\u00e8s r\u00e9alis\u00e9s sont porteurs d&rsquo;espoir pour les chercheurs et les m\u00e9decins. L&rsquo;immunoth\u00e9rapie fonctionne [&hellip;]","og_url":"https:\/\/immuno-t.inmotion.care\/fr\/","og_site_name":"Immuno-T","article_modified_time":"2025-09-17T09:03:25+00:00","og_image":[{"width":1280,"height":379,"url":"https:\/\/immuno-t.inmotion.care\/wp-content\/uploads\/2025\/09\/1280px-Download_on_the_App_Store_Badge.svg_.png","type":"image\/png"}],"twitter_card":"summary_large_image","twitter_misc":{"Dur\u00e9e de lecture estim\u00e9e":"1 minute"},"schema":{"@context":"https:\/\/schema.org","@graph":[{"@type":"WebPage","@id":"https:\/\/immuno-t.inmotion.care\/fr\/","url":"https:\/\/immuno-t.inmotion.care\/fr\/","name":"Bienvenue - Immuno-T","isPartOf":{"@id":"https:\/\/immuno-t.inmotion.care\/fr\/#website"},"primaryImageOfPage":{"@id":"https:\/\/immuno-t.inmotion.care\/fr\/#primaryimage"},"image":{"@id":"https:\/\/immuno-t.inmotion.care\/fr\/#primaryimage"},"thumbnailUrl":"https:\/\/immuno-t.inmotion.care\/wp-content\/uploads\/2025\/09\/1280px-Download_on_the_App_Store_Badge.svg_-768x227.png","datePublished":"2018-01-30T16:36:34+00:00","dateModified":"2025-09-17T09:03:25+00:00","breadcrumb":{"@id":"https:\/\/immuno-t.inmotion.care\/fr\/#breadcrumb"},"inLanguage":"fr-FR","potentialAction":[{"@type":"ReadAction","target":["https:\/\/immuno-t.inmotion.care\/fr\/"]}]},{"@type":"ImageObject","inLanguage":"fr-FR","@id":"https:\/\/immuno-t.inmotion.care\/fr\/#primaryimage","url":"https:\/\/immuno-t.inmotion.care\/wp-content\/uploads\/2025\/09\/1280px-Download_on_the_App_Store_Badge.svg_-768x227.png","contentUrl":"https:\/\/immuno-t.inmotion.care\/wp-content\/uploads\/2025\/09\/1280px-Download_on_the_App_Store_Badge.svg_-768x227.png"},{"@type":"BreadcrumbList","@id":"https:\/\/immuno-t.inmotion.care\/fr\/#breadcrumb","itemListElement":[{"@type":"ListItem","position":1,"name":"Home","item":"https:\/\/immuno-t.inmotion.care\/fr\/"},{"@type":"ListItem","position":2,"name":"Bienvenue"}]},{"@type":"WebSite","@id":"https:\/\/immuno-t.inmotion.care\/fr\/#website","url":"https:\/\/immuno-t.inmotion.care\/fr\/","name":"Immuno-T","description":"De eerste motion comic die pati\u00ebnten en familie uitlegt hoe immunotherapie werkt.","publisher":{"@id":"https:\/\/immuno-t.inmotion.care\/fr\/#organization"},"potentialAction":[{"@type":"SearchAction","target":{"@type":"EntryPoint","urlTemplate":"https:\/\/immuno-t.inmotion.care\/fr\/?s={search_term_string}"},"query-input":{"@type":"PropertyValueSpecification","valueRequired":true,"valueName":"search_term_string"}}],"inLanguage":"fr-FR"},{"@type":"Organization","@id":"https:\/\/immuno-t.inmotion.care\/fr\/#organization","name":"Immuno-T","url":"https:\/\/immuno-t.inmotion.care\/fr\/","logo":{"@type":"ImageObject","inLanguage":"fr-FR","@id":"https:\/\/immuno-t.inmotion.care\/fr\/#\/schema\/logo\/image\/","url":"https:\/\/immuno-t.inmotion.care\/wp-content\/uploads\/2018\/01\/immuno-t_logo.png","contentUrl":"https:\/\/immuno-t.inmotion.care\/wp-content\/uploads\/2018\/01\/immuno-t_logo.png","width":450,"height":150,"caption":"Immuno-T"},"image":{"@id":"https:\/\/immuno-t.inmotion.care\/fr\/#\/schema\/logo\/image\/"}}]}},"_links":{"self":[{"href":"https:\/\/immuno-t.inmotion.care\/fr\/wp-json\/wp\/v2\/pages\/81","targetHints":{"allow":["GET"]}}],"collection":[{"href":"https:\/\/immuno-t.inmotion.care\/fr\/wp-json\/wp\/v2\/pages"}],"about":[{"href":"https:\/\/immuno-t.inmotion.care\/fr\/wp-json\/wp\/v2\/types\/page"}],"author":[{"embeddable":true,"href":"https:\/\/immuno-t.inmotion.care\/fr\/wp-json\/wp\/v2\/users\/1"}],"replies":[{"embeddable":true,"href":"https:\/\/immuno-t.inmotion.care\/fr\/wp-json\/wp\/v2\/comments?post=81"}],"version-history":[{"count":10,"href":"https:\/\/immuno-t.inmotion.care\/fr\/wp-json\/wp\/v2\/pages\/81\/revisions"}],"predecessor-version":[{"id":921,"href":"https:\/\/immuno-t.inmotion.care\/fr\/wp-json\/wp\/v2\/pages\/81\/revisions\/921"}],"wp:attachment":[{"href":"https:\/\/immuno-t.inmotion.care\/fr\/wp-json\/wp\/v2\/media?parent=81"}],"curies":[{"name":"wp","href":"https:\/\/api.w.org\/{rel}","templated":true}]}}