{"id":93,"date":"2018-01-30T16:44:18","date_gmt":"2018-01-30T16:44:18","guid":{"rendered":"http:\/\/immuno-t.inmotion.care\/?page_id=93"},"modified":"2018-02-01T22:47:09","modified_gmt":"2018-02-01T22:47:09","slug":"qui-sommes-nous","status":"publish","type":"page","link":"https:\/\/immuno-t.inmotion.care\/fr\/qui-sommes-nous\/","title":{"rendered":"Qui sommes-nous ?"},"content":{"rendered":"<p>Immuno-T a vu le jour gr\u00e2ce aux efforts de plusieurs personnes.<\/p>\n<p>Nous remercions tous les testeurs impliqu\u00e9s dans le d\u00e9veloppement de la premi\u00e8re version d&rsquo;Immuno-T ainsi que pour leur feed-back. Sur la base de ces \u00e9valuations, l&rsquo;outil a \u00e9t\u00e9 perfectionn\u00e9, ce qui a permis de r\u00e9aliser la version actuelle (10-2017).<\/p>\n<p>La cr\u00e9ation d&rsquo;un outil tel qu&rsquo;Immuno-T est co\u00fbteuse. Cette r\u00e9alisation n&rsquo;aurait pas \u00e9t\u00e9 possible sans le soutien de tous nos sponsors.<\/p>\n<p>Le projet Immuno-T a \u00e9t\u00e9 pr\u00e9sent\u00e9 au grand public durant le festival urbain \u00a0\u00bb Iedereen UGent ! \u00ab\u00a0, organis\u00e9 le 8 octobre 2017 par l&rsquo;universit\u00e9 de Gand pour c\u00e9l\u00e9brer son 200\u00e8me anniversaire.<\/p>\n<div class=\"showcase-entry-grid\">            <div id=\"post-406\" class=\"one-fourth first post-406 page type-page status-publish has-post-thumbnail entry\">\n                <a href=\"https:\/\/immuno-t.inmotion.care\/fr\/qui-sommes-nous\/prof-tessa-kerre\/\" title=\"Permalink to Prof. Tessa Kerre\" rel=\"bookmark\">\n                    <div class=\"overlay\">\n                        <div class=\"overlay-inner\">\n                            <div class=\"overlay-details\">\n                                <h4>Prof. Tessa Kerre<\/h4>                            <\/div>\n                        <\/div>\n                    <\/div>\n                    <img fetchpriority=\"high\" decoding=\"async\" width=\"600\" height=\"640\" src=\"https:\/\/immuno-t.inmotion.care\/wp-content\/uploads\/2018\/02\/overons_profkerre-600x640.jpg\" class=\"attachment-showcase_entry_grid size-showcase_entry_grid wp-post-image\" alt=\"\" \/>                <\/a>\n            <\/div>\n                    <div id=\"post-409\" class=\" one-fourth post-409 page type-page status-publish has-post-thumbnail entry\">\n                <a href=\"https:\/\/immuno-t.inmotion.care\/fr\/qui-sommes-nous\/wahwah-bruno-bollaert\/\" title=\"Permalink to WahWah \/ Bruno Bollaert\" rel=\"bookmark\">\n                    <div class=\"overlay\">\n                        <div class=\"overlay-inner\">\n                            <div class=\"overlay-details\">\n                                <h4>WahWah \/ Bruno Bollaert<\/h4>                            <\/div>\n                        <\/div>\n                    <\/div>\n                    <img decoding=\"async\" width=\"600\" height=\"640\" src=\"https:\/\/immuno-t.inmotion.care\/wp-content\/uploads\/2018\/02\/overons_wahwah-600x640.jpg\" class=\"attachment-showcase_entry_grid size-showcase_entry_grid wp-post-image\" alt=\"\" \/>                <\/a>\n            <\/div>\n                    <div id=\"post-411\" class=\" one-fourth post-411 page type-page status-publish has-post-thumbnail entry\">\n                <a href=\"https:\/\/immuno-t.inmotion.care\/fr\/qui-sommes-nous\/telma\/\" title=\"Permalink to Telma \/ Lieve Achten\" rel=\"bookmark\">\n                    <div class=\"overlay\">\n                        <div class=\"overlay-inner\">\n                            <div class=\"overlay-details\">\n                                <h4>Telma \/ Lieve Achten<\/h4>                            <\/div>\n                        <\/div>\n                    <\/div>\n                    <img decoding=\"async\" width=\"600\" height=\"640\" src=\"https:\/\/immuno-t.inmotion.care\/wp-content\/uploads\/2018\/02\/overons_telma-600x640.jpg\" class=\"attachment-showcase_entry_grid size-showcase_entry_grid wp-post-image\" alt=\"\" \/>                <\/a>\n            <\/div>\n                    <div id=\"post-413\" class=\" one-fourth post-413 page type-page status-publish has-post-thumbnail entry\">\n                <a href=\"https:\/\/immuno-t.inmotion.care\/fr\/qui-sommes-nous\/chiel-gharakhani-nia\/\" title=\"Permalink to Chiel Gharakhani Nia\" rel=\"bookmark\">\n                    <div class=\"overlay\">\n                        <div class=\"overlay-inner\">\n                            <div class=\"overlay-details\">\n                                <h4>Chiel Gharakhani Nia<\/h4>                            <\/div>\n                        <\/div>\n                    <\/div>\n                    <img loading=\"lazy\" decoding=\"async\" width=\"600\" height=\"640\" src=\"https:\/\/immuno-t.inmotion.care\/wp-content\/uploads\/2018\/02\/overons_chielgn-600x640.jpg\" class=\"attachment-showcase_entry_grid size-showcase_entry_grid wp-post-image\" alt=\"\" \/>                <\/a>\n            <\/div>\n                    <div id=\"post-415\" class=\"one-fourth first post-415 page type-page status-publish has-post-thumbnail entry\">\n                <a href=\"https:\/\/immuno-t.inmotion.care\/fr\/qui-sommes-nous\/crig\/\" title=\"Permalink to CRIG\" rel=\"bookmark\">\n                    <div class=\"overlay\">\n                        <div class=\"overlay-inner\">\n                            <div class=\"overlay-details\">\n                                <h4>CRIG<\/h4>                            <\/div>\n                        <\/div>\n                    <\/div>\n                    <img loading=\"lazy\" decoding=\"async\" width=\"600\" height=\"640\" src=\"https:\/\/immuno-t.inmotion.care\/wp-content\/uploads\/2018\/02\/overons_crig-600x640.jpg\" class=\"attachment-showcase_entry_grid size-showcase_entry_grid wp-post-image\" alt=\"\" \/>                <\/a>\n            <\/div>\n                    <div id=\"post-419\" class=\" one-fourth post-419 page type-page status-publish has-post-thumbnail entry\">\n                <a href=\"https:\/\/immuno-t.inmotion.care\/fr\/qui-sommes-nous\/ion\/\" title=\"Permalink to ION\" rel=\"bookmark\">\n                    <div class=\"overlay\">\n                        <div class=\"overlay-inner\">\n                            <div class=\"overlay-details\">\n                                <h4>ION<\/h4>                            <\/div>\n                        <\/div>\n                    <\/div>\n                    <img loading=\"lazy\" decoding=\"async\" width=\"600\" height=\"640\" src=\"https:\/\/immuno-t.inmotion.care\/wp-content\/uploads\/2018\/02\/overons_ion-600x640.jpg\" class=\"attachment-showcase_entry_grid size-showcase_entry_grid wp-post-image\" alt=\"\" \/>                <\/a>\n            <\/div>\n                    <div id=\"post-421\" class=\" one-fourth post-421 page type-page status-publish has-post-thumbnail entry\">\n                <a href=\"https:\/\/immuno-t.inmotion.care\/fr\/qui-sommes-nous\/ugent\/\" title=\"Permalink to UGent\" rel=\"bookmark\">\n                    <div class=\"overlay\">\n                        <div class=\"overlay-inner\">\n                            <div class=\"overlay-details\">\n                                <h4>UGent<\/h4>                            <\/div>\n                        <\/div>\n                    <\/div>\n                    <img loading=\"lazy\" decoding=\"async\" width=\"600\" height=\"640\" src=\"https:\/\/immuno-t.inmotion.care\/wp-content\/uploads\/2018\/02\/overons_ugent2-600x640.jpg\" class=\"attachment-showcase_entry_grid size-showcase_entry_grid wp-post-image\" alt=\"\" \/>                <\/a>\n            <\/div>\n                    <div id=\"post-423\" class=\" one-fourth post-423 page type-page status-publish has-post-thumbnail entry\">\n                <a href=\"https:\/\/immuno-t.inmotion.care\/fr\/qui-sommes-nous\/uz-gent\/\" title=\"Permalink to UZ Gent\" rel=\"bookmark\">\n                    <div class=\"overlay\">\n                        <div class=\"overlay-inner\">\n                            <div class=\"overlay-details\">\n                                <h4>UZ Gent<\/h4>                            <\/div>\n                        <\/div>\n                    <\/div>\n                    <img loading=\"lazy\" decoding=\"async\" width=\"600\" height=\"640\" src=\"https:\/\/immuno-t.inmotion.care\/wp-content\/uploads\/2018\/02\/overons_uzgent2-600x640.jpg\" class=\"attachment-showcase_entry_grid size-showcase_entry_grid wp-post-image\" alt=\"\" \/>                <\/a>\n            <\/div>\n                    <div id=\"post-425\" class=\"one-fourth first post-425 page type-page status-publish has-post-thumbnail entry\">\n                <a href=\"https:\/\/immuno-t.inmotion.care\/fr\/qui-sommes-nous\/holofarm\/\" title=\"Permalink to Holofarm\" rel=\"bookmark\">\n                    <div class=\"overlay\">\n                        <div class=\"overlay-inner\">\n                            <div class=\"overlay-details\">\n                                <h4>Holofarm<\/h4>                            <\/div>\n                        <\/div>\n                    <\/div>\n                    <img loading=\"lazy\" decoding=\"async\" width=\"600\" height=\"800\" src=\"https:\/\/immuno-t.inmotion.care\/wp-content\/uploads\/2025\/09\/facebook-600x800.jpg\" class=\"attachment-showcase_entry_grid size-showcase_entry_grid wp-post-image\" alt=\"\" \/>                <\/a>\n            <\/div>\n                    <div id=\"post-630\" class=\" one-fourth post-630 page type-page status-publish has-post-thumbnail entry\">\n                <a href=\"https:\/\/immuno-t.inmotion.care\/fr\/qui-sommes-nous\/stuff\/\" title=\"Permalink to STUFF.\" rel=\"bookmark\">\n                    <div class=\"overlay\">\n                        <div class=\"overlay-inner\">\n                            <div class=\"overlay-details\">\n                                <h4>STUFF.<\/h4>                            <\/div>\n                        <\/div>\n                    <\/div>\n                    <img loading=\"lazy\" decoding=\"async\" width=\"600\" height=\"640\" src=\"https:\/\/immuno-t.inmotion.care\/wp-content\/uploads\/2018\/10\/overons_stuff-600x640.jpg\" class=\"attachment-showcase_entry_grid size-showcase_entry_grid wp-post-image\" alt=\"\" \/>                <\/a>\n            <\/div>\n        <\/div>\n","protected":false},"excerpt":{"rendered":"<p>Immuno-T a vu le jour gr\u00e2ce aux efforts de plusieurs personnes. Nous remercions tous les testeurs impliqu\u00e9s dans le d\u00e9veloppement de la premi\u00e8re version d&rsquo;Immuno-T ainsi que pour leur feed-back. Sur la base de ces \u00e9valuations, l&rsquo;outil a \u00e9t\u00e9 perfectionn\u00e9, ce qui a permis de r\u00e9aliser la version actuelle (10-2017). La cr\u00e9ation d&rsquo;un outil tel [&hellip;]<\/p>\n","protected":false},"author":1,"featured_media":148,"parent":0,"menu_order":0,"comment_status":"closed","ping_status":"closed","template":"","meta":{"_genesis_hide_title":false,"_genesis_hide_breadcrumbs":false,"_genesis_hide_singular_image":false,"_genesis_hide_footer_widgets":false,"_genesis_custom_body_class":"","_genesis_custom_post_class":"","_genesis_layout":"","footnotes":""},"class_list":{"0":"post-93","1":"page","2":"type-page","3":"status-publish","4":"has-post-thumbnail","6":"entry"},"yoast_head":"<!-- This site is optimized with the Yoast SEO plugin v27.3 - https:\/\/yoast.com\/product\/yoast-seo-wordpress\/ -->\n<title>Qui sommes-nous ? - Immuno-T<\/title>\n<meta name=\"robots\" content=\"index, follow, max-snippet:-1, max-image-preview:large, max-video-preview:-1\" \/>\n<link rel=\"canonical\" href=\"https:\/\/immuno-t.inmotion.care\/fr\/qui-sommes-nous\/\" \/>\n<meta property=\"og:locale\" content=\"fr_FR\" \/>\n<meta property=\"og:type\" content=\"article\" \/>\n<meta property=\"og:title\" content=\"Qui sommes-nous ? - Immuno-T\" \/>\n<meta property=\"og:description\" content=\"Immuno-T a vu le jour gr\u00e2ce aux efforts de plusieurs personnes. Nous remercions tous les testeurs impliqu\u00e9s dans le d\u00e9veloppement de la premi\u00e8re version d&rsquo;Immuno-T ainsi que pour leur feed-back. Sur la base de ces \u00e9valuations, l&rsquo;outil a \u00e9t\u00e9 perfectionn\u00e9, ce qui a permis de r\u00e9aliser la version actuelle (10-2017). La cr\u00e9ation d&rsquo;un outil tel [&hellip;]\" \/>\n<meta property=\"og:url\" content=\"https:\/\/immuno-t.inmotion.care\/fr\/qui-sommes-nous\/\" \/>\n<meta property=\"og:site_name\" content=\"Immuno-T\" \/>\n<meta property=\"article:modified_time\" content=\"2018-02-01T22:47:09+00:00\" \/>\n<meta property=\"og:image\" content=\"https:\/\/immuno-t.inmotion.care\/wp-content\/uploads\/2018\/01\/immunot-over.jpg\" \/>\n\t<meta property=\"og:image:width\" content=\"1600\" \/>\n\t<meta property=\"og:image:height\" content=\"800\" \/>\n\t<meta property=\"og:image:type\" content=\"image\/jpeg\" \/>\n<meta name=\"twitter:card\" content=\"summary_large_image\" \/>\n<meta name=\"twitter:label1\" content=\"Dur\u00e9e de lecture estim\u00e9e\" \/>\n\t<meta name=\"twitter:data1\" content=\"1 minute\" \/>\n<script type=\"application\/ld+json\" class=\"yoast-schema-graph\">{\"@context\":\"https:\\\/\\\/schema.org\",\"@graph\":[{\"@type\":\"WebPage\",\"@id\":\"https:\\\/\\\/immuno-t.inmotion.care\\\/fr\\\/qui-sommes-nous\\\/\",\"url\":\"https:\\\/\\\/immuno-t.inmotion.care\\\/fr\\\/qui-sommes-nous\\\/\",\"name\":\"Qui sommes-nous ? - Immuno-T\",\"isPartOf\":{\"@id\":\"https:\\\/\\\/immuno-t.inmotion.care\\\/fr\\\/#website\"},\"primaryImageOfPage\":{\"@id\":\"https:\\\/\\\/immuno-t.inmotion.care\\\/fr\\\/qui-sommes-nous\\\/#primaryimage\"},\"image\":{\"@id\":\"https:\\\/\\\/immuno-t.inmotion.care\\\/fr\\\/qui-sommes-nous\\\/#primaryimage\"},\"thumbnailUrl\":\"https:\\\/\\\/immuno-t.inmotion.care\\\/wp-content\\\/uploads\\\/2018\\\/01\\\/immunot-over.jpg\",\"datePublished\":\"2018-01-30T16:44:18+00:00\",\"dateModified\":\"2018-02-01T22:47:09+00:00\",\"breadcrumb\":{\"@id\":\"https:\\\/\\\/immuno-t.inmotion.care\\\/fr\\\/qui-sommes-nous\\\/#breadcrumb\"},\"inLanguage\":\"fr-FR\",\"potentialAction\":[{\"@type\":\"ReadAction\",\"target\":[\"https:\\\/\\\/immuno-t.inmotion.care\\\/fr\\\/qui-sommes-nous\\\/\"]}]},{\"@type\":\"ImageObject\",\"inLanguage\":\"fr-FR\",\"@id\":\"https:\\\/\\\/immuno-t.inmotion.care\\\/fr\\\/qui-sommes-nous\\\/#primaryimage\",\"url\":\"https:\\\/\\\/immuno-t.inmotion.care\\\/wp-content\\\/uploads\\\/2018\\\/01\\\/immunot-over.jpg\",\"contentUrl\":\"https:\\\/\\\/immuno-t.inmotion.care\\\/wp-content\\\/uploads\\\/2018\\\/01\\\/immunot-over.jpg\",\"width\":1600,\"height\":800},{\"@type\":\"BreadcrumbList\",\"@id\":\"https:\\\/\\\/immuno-t.inmotion.care\\\/fr\\\/qui-sommes-nous\\\/#breadcrumb\",\"itemListElement\":[{\"@type\":\"ListItem\",\"position\":1,\"name\":\"Home\",\"item\":\"https:\\\/\\\/immuno-t.inmotion.care\\\/fr\\\/\"},{\"@type\":\"ListItem\",\"position\":2,\"name\":\"Qui sommes-nous ?\"}]},{\"@type\":\"WebSite\",\"@id\":\"https:\\\/\\\/immuno-t.inmotion.care\\\/fr\\\/#website\",\"url\":\"https:\\\/\\\/immuno-t.inmotion.care\\\/fr\\\/\",\"name\":\"Immuno-T\",\"description\":\"De eerste motion comic die pati\u00ebnten en familie uitlegt hoe immunotherapie werkt.\",\"publisher\":{\"@id\":\"https:\\\/\\\/immuno-t.inmotion.care\\\/fr\\\/#organization\"},\"potentialAction\":[{\"@type\":\"SearchAction\",\"target\":{\"@type\":\"EntryPoint\",\"urlTemplate\":\"https:\\\/\\\/immuno-t.inmotion.care\\\/fr\\\/?s={search_term_string}\"},\"query-input\":{\"@type\":\"PropertyValueSpecification\",\"valueRequired\":true,\"valueName\":\"search_term_string\"}}],\"inLanguage\":\"fr-FR\"},{\"@type\":\"Organization\",\"@id\":\"https:\\\/\\\/immuno-t.inmotion.care\\\/fr\\\/#organization\",\"name\":\"Immuno-T\",\"url\":\"https:\\\/\\\/immuno-t.inmotion.care\\\/fr\\\/\",\"logo\":{\"@type\":\"ImageObject\",\"inLanguage\":\"fr-FR\",\"@id\":\"https:\\\/\\\/immuno-t.inmotion.care\\\/fr\\\/#\\\/schema\\\/logo\\\/image\\\/\",\"url\":\"https:\\\/\\\/immuno-t.inmotion.care\\\/wp-content\\\/uploads\\\/2018\\\/01\\\/immuno-t_logo.png\",\"contentUrl\":\"https:\\\/\\\/immuno-t.inmotion.care\\\/wp-content\\\/uploads\\\/2018\\\/01\\\/immuno-t_logo.png\",\"width\":450,\"height\":150,\"caption\":\"Immuno-T\"},\"image\":{\"@id\":\"https:\\\/\\\/immuno-t.inmotion.care\\\/fr\\\/#\\\/schema\\\/logo\\\/image\\\/\"}}]}<\/script>\n<!-- \/ Yoast SEO plugin. -->","yoast_head_json":{"title":"Qui sommes-nous ? - Immuno-T","robots":{"index":"index","follow":"follow","max-snippet":"max-snippet:-1","max-image-preview":"max-image-preview:large","max-video-preview":"max-video-preview:-1"},"canonical":"https:\/\/immuno-t.inmotion.care\/fr\/qui-sommes-nous\/","og_locale":"fr_FR","og_type":"article","og_title":"Qui sommes-nous ? - Immuno-T","og_description":"Immuno-T a vu le jour gr\u00e2ce aux efforts de plusieurs personnes. Nous remercions tous les testeurs impliqu\u00e9s dans le d\u00e9veloppement de la premi\u00e8re version d&rsquo;Immuno-T ainsi que pour leur feed-back. Sur la base de ces \u00e9valuations, l&rsquo;outil a \u00e9t\u00e9 perfectionn\u00e9, ce qui a permis de r\u00e9aliser la version actuelle (10-2017). La cr\u00e9ation d&rsquo;un outil tel [&hellip;]","og_url":"https:\/\/immuno-t.inmotion.care\/fr\/qui-sommes-nous\/","og_site_name":"Immuno-T","article_modified_time":"2018-02-01T22:47:09+00:00","og_image":[{"width":1600,"height":800,"url":"https:\/\/immuno-t.inmotion.care\/wp-content\/uploads\/2018\/01\/immunot-over.jpg","type":"image\/jpeg"}],"twitter_card":"summary_large_image","twitter_misc":{"Dur\u00e9e de lecture estim\u00e9e":"1 minute"},"schema":{"@context":"https:\/\/schema.org","@graph":[{"@type":"WebPage","@id":"https:\/\/immuno-t.inmotion.care\/fr\/qui-sommes-nous\/","url":"https:\/\/immuno-t.inmotion.care\/fr\/qui-sommes-nous\/","name":"Qui sommes-nous ? - Immuno-T","isPartOf":{"@id":"https:\/\/immuno-t.inmotion.care\/fr\/#website"},"primaryImageOfPage":{"@id":"https:\/\/immuno-t.inmotion.care\/fr\/qui-sommes-nous\/#primaryimage"},"image":{"@id":"https:\/\/immuno-t.inmotion.care\/fr\/qui-sommes-nous\/#primaryimage"},"thumbnailUrl":"https:\/\/immuno-t.inmotion.care\/wp-content\/uploads\/2018\/01\/immunot-over.jpg","datePublished":"2018-01-30T16:44:18+00:00","dateModified":"2018-02-01T22:47:09+00:00","breadcrumb":{"@id":"https:\/\/immuno-t.inmotion.care\/fr\/qui-sommes-nous\/#breadcrumb"},"inLanguage":"fr-FR","potentialAction":[{"@type":"ReadAction","target":["https:\/\/immuno-t.inmotion.care\/fr\/qui-sommes-nous\/"]}]},{"@type":"ImageObject","inLanguage":"fr-FR","@id":"https:\/\/immuno-t.inmotion.care\/fr\/qui-sommes-nous\/#primaryimage","url":"https:\/\/immuno-t.inmotion.care\/wp-content\/uploads\/2018\/01\/immunot-over.jpg","contentUrl":"https:\/\/immuno-t.inmotion.care\/wp-content\/uploads\/2018\/01\/immunot-over.jpg","width":1600,"height":800},{"@type":"BreadcrumbList","@id":"https:\/\/immuno-t.inmotion.care\/fr\/qui-sommes-nous\/#breadcrumb","itemListElement":[{"@type":"ListItem","position":1,"name":"Home","item":"https:\/\/immuno-t.inmotion.care\/fr\/"},{"@type":"ListItem","position":2,"name":"Qui sommes-nous ?"}]},{"@type":"WebSite","@id":"https:\/\/immuno-t.inmotion.care\/fr\/#website","url":"https:\/\/immuno-t.inmotion.care\/fr\/","name":"Immuno-T","description":"De eerste motion comic die pati\u00ebnten en familie uitlegt hoe immunotherapie werkt.","publisher":{"@id":"https:\/\/immuno-t.inmotion.care\/fr\/#organization"},"potentialAction":[{"@type":"SearchAction","target":{"@type":"EntryPoint","urlTemplate":"https:\/\/immuno-t.inmotion.care\/fr\/?s={search_term_string}"},"query-input":{"@type":"PropertyValueSpecification","valueRequired":true,"valueName":"search_term_string"}}],"inLanguage":"fr-FR"},{"@type":"Organization","@id":"https:\/\/immuno-t.inmotion.care\/fr\/#organization","name":"Immuno-T","url":"https:\/\/immuno-t.inmotion.care\/fr\/","logo":{"@type":"ImageObject","inLanguage":"fr-FR","@id":"https:\/\/immuno-t.inmotion.care\/fr\/#\/schema\/logo\/image\/","url":"https:\/\/immuno-t.inmotion.care\/wp-content\/uploads\/2018\/01\/immuno-t_logo.png","contentUrl":"https:\/\/immuno-t.inmotion.care\/wp-content\/uploads\/2018\/01\/immuno-t_logo.png","width":450,"height":150,"caption":"Immuno-T"},"image":{"@id":"https:\/\/immuno-t.inmotion.care\/fr\/#\/schema\/logo\/image\/"}}]}},"_links":{"self":[{"href":"https:\/\/immuno-t.inmotion.care\/fr\/wp-json\/wp\/v2\/pages\/93","targetHints":{"allow":["GET"]}}],"collection":[{"href":"https:\/\/immuno-t.inmotion.care\/fr\/wp-json\/wp\/v2\/pages"}],"about":[{"href":"https:\/\/immuno-t.inmotion.care\/fr\/wp-json\/wp\/v2\/types\/page"}],"author":[{"embeddable":true,"href":"https:\/\/immuno-t.inmotion.care\/fr\/wp-json\/wp\/v2\/users\/1"}],"replies":[{"embeddable":true,"href":"https:\/\/immuno-t.inmotion.care\/fr\/wp-json\/wp\/v2\/comments?post=93"}],"version-history":[{"count":3,"href":"https:\/\/immuno-t.inmotion.care\/fr\/wp-json\/wp\/v2\/pages\/93\/revisions"}],"predecessor-version":[{"id":427,"href":"https:\/\/immuno-t.inmotion.care\/fr\/wp-json\/wp\/v2\/pages\/93\/revisions\/427"}],"wp:featuredmedia":[{"embeddable":true,"href":"https:\/\/immuno-t.inmotion.care\/fr\/wp-json\/wp\/v2\/media\/148"}],"wp:attachment":[{"href":"https:\/\/immuno-t.inmotion.care\/fr\/wp-json\/wp\/v2\/media?parent=93"}],"curies":[{"name":"wp","href":"https:\/\/api.w.org\/{rel}","templated":true}]}}