{"id":95,"date":"2018-01-30T16:45:01","date_gmt":"2018-01-30T16:45:01","guid":{"rendered":"http:\/\/immuno-t.inmotion.care\/?page_id=95"},"modified":"2018-02-01T22:30:07","modified_gmt":"2018-02-01T22:30:07","slug":"nous-soutenir","status":"publish","type":"page","link":"https:\/\/immuno-t.inmotion.care\/fr\/nous-soutenir\/","title":{"rendered":"Nous soutenir"},"content":{"rendered":"<p>La cr\u00e9ation d&rsquo;un outil tel qu&rsquo;Immuno-T est co\u00fbteuse. Nous ne voulons pas que le patient paie les frais li\u00e9s \u00e0 cet outil, car chacun a droit \u00e0 une information de qualit\u00e9. Si vous souhaitez nous aider \u00e0 am\u00e9liorer le d\u00e9veloppement de l&rsquo;outil Immuno-T et de nouveaux motion comics sur la chimioth\u00e9rapie et la radioth\u00e9rapie, soutenez-nous en faisant un don par virement sur le compte <\/p>\n<p>\u00ab\u00a0<strong>Fondsenwerving Ugent<\/strong>\u00a0\u00bb &#8211; IBAN: <strong>BE26 3900 9658 0329<\/strong> (BIC: BBRUBEBB) avec mention \u00ab\u00a0<strong>IMMUNO-T<\/strong>\u00ab\u00a0. <\/p>\n<p>Les dons \u00e0 partir de 40 euros donnent droit \u00e0 une r\u00e9duction fiscale. <\/p>\n<p>Si vous souhaitez faire un don pour la recherche contre le cancer men\u00e9e par le <a href=\"https:\/\/www.crig.ugent.be\/en\">CRIG<\/a>, vous pouvez faire <a href=\"https:\/\/www.crig.ugent.be\/en\/donate\">un don sur cette page<\/a>.<\/p>\n","protected":false},"excerpt":{"rendered":"<p>La cr\u00e9ation d&rsquo;un outil tel qu&rsquo;Immuno-T est co\u00fbteuse. Nous ne voulons pas que le patient paie les frais li\u00e9s \u00e0 cet outil, car chacun a droit \u00e0 une information de qualit\u00e9. Si vous souhaitez nous aider \u00e0 am\u00e9liorer le d\u00e9veloppement de l&rsquo;outil Immuno-T et de nouveaux motion comics sur la chimioth\u00e9rapie et la radioth\u00e9rapie, soutenez-nous [&hellip;]<\/p>\n","protected":false},"author":1,"featured_media":141,"parent":0,"menu_order":0,"comment_status":"closed","ping_status":"closed","template":"","meta":{"_genesis_hide_title":false,"_genesis_hide_breadcrumbs":false,"_genesis_hide_singular_image":false,"_genesis_hide_footer_widgets":false,"_genesis_custom_body_class":"","_genesis_custom_post_class":"","_genesis_layout":"","footnotes":""},"class_list":{"0":"post-95","1":"page","2":"type-page","3":"status-publish","4":"has-post-thumbnail","6":"entry"},"yoast_head":"<!-- This site is optimized with the Yoast SEO plugin v27.3 - https:\/\/yoast.com\/product\/yoast-seo-wordpress\/ -->\n<title>Nous soutenir - Immuno-T<\/title>\n<meta name=\"robots\" content=\"index, follow, max-snippet:-1, max-image-preview:large, max-video-preview:-1\" \/>\n<link rel=\"canonical\" href=\"https:\/\/immuno-t.inmotion.care\/fr\/nous-soutenir\/\" \/>\n<meta property=\"og:locale\" content=\"fr_FR\" \/>\n<meta property=\"og:type\" content=\"article\" \/>\n<meta property=\"og:title\" content=\"Nous soutenir - Immuno-T\" \/>\n<meta property=\"og:description\" content=\"La cr\u00e9ation d&rsquo;un outil tel qu&rsquo;Immuno-T est co\u00fbteuse. Nous ne voulons pas que le patient paie les frais li\u00e9s \u00e0 cet outil, car chacun a droit \u00e0 une information de qualit\u00e9. Si vous souhaitez nous aider \u00e0 am\u00e9liorer le d\u00e9veloppement de l&rsquo;outil Immuno-T et de nouveaux motion comics sur la chimioth\u00e9rapie et la radioth\u00e9rapie, soutenez-nous [&hellip;]\" \/>\n<meta property=\"og:url\" content=\"https:\/\/immuno-t.inmotion.care\/fr\/nous-soutenir\/\" \/>\n<meta property=\"og:site_name\" content=\"Immuno-T\" \/>\n<meta property=\"article:modified_time\" content=\"2018-02-01T22:30:07+00:00\" \/>\n<meta property=\"og:image\" content=\"https:\/\/immuno-t.inmotion.care\/wp-content\/uploads\/2018\/01\/immunot-steunons.jpg\" \/>\n\t<meta property=\"og:image:width\" content=\"1600\" \/>\n\t<meta property=\"og:image:height\" content=\"900\" \/>\n\t<meta property=\"og:image:type\" content=\"image\/jpeg\" \/>\n<meta name=\"twitter:card\" content=\"summary_large_image\" \/>\n<meta name=\"twitter:label1\" content=\"Dur\u00e9e de lecture estim\u00e9e\" \/>\n\t<meta name=\"twitter:data1\" content=\"1 minute\" \/>\n<script type=\"application\/ld+json\" class=\"yoast-schema-graph\">{\"@context\":\"https:\\\/\\\/schema.org\",\"@graph\":[{\"@type\":\"WebPage\",\"@id\":\"https:\\\/\\\/immuno-t.inmotion.care\\\/fr\\\/nous-soutenir\\\/\",\"url\":\"https:\\\/\\\/immuno-t.inmotion.care\\\/fr\\\/nous-soutenir\\\/\",\"name\":\"Nous soutenir - Immuno-T\",\"isPartOf\":{\"@id\":\"https:\\\/\\\/immuno-t.inmotion.care\\\/fr\\\/#website\"},\"primaryImageOfPage\":{\"@id\":\"https:\\\/\\\/immuno-t.inmotion.care\\\/fr\\\/nous-soutenir\\\/#primaryimage\"},\"image\":{\"@id\":\"https:\\\/\\\/immuno-t.inmotion.care\\\/fr\\\/nous-soutenir\\\/#primaryimage\"},\"thumbnailUrl\":\"https:\\\/\\\/immuno-t.inmotion.care\\\/wp-content\\\/uploads\\\/2018\\\/01\\\/immunot-steunons.jpg\",\"datePublished\":\"2018-01-30T16:45:01+00:00\",\"dateModified\":\"2018-02-01T22:30:07+00:00\",\"breadcrumb\":{\"@id\":\"https:\\\/\\\/immuno-t.inmotion.care\\\/fr\\\/nous-soutenir\\\/#breadcrumb\"},\"inLanguage\":\"fr-FR\",\"potentialAction\":[{\"@type\":\"ReadAction\",\"target\":[\"https:\\\/\\\/immuno-t.inmotion.care\\\/fr\\\/nous-soutenir\\\/\"]}]},{\"@type\":\"ImageObject\",\"inLanguage\":\"fr-FR\",\"@id\":\"https:\\\/\\\/immuno-t.inmotion.care\\\/fr\\\/nous-soutenir\\\/#primaryimage\",\"url\":\"https:\\\/\\\/immuno-t.inmotion.care\\\/wp-content\\\/uploads\\\/2018\\\/01\\\/immunot-steunons.jpg\",\"contentUrl\":\"https:\\\/\\\/immuno-t.inmotion.care\\\/wp-content\\\/uploads\\\/2018\\\/01\\\/immunot-steunons.jpg\",\"width\":1600,\"height\":900},{\"@type\":\"BreadcrumbList\",\"@id\":\"https:\\\/\\\/immuno-t.inmotion.care\\\/fr\\\/nous-soutenir\\\/#breadcrumb\",\"itemListElement\":[{\"@type\":\"ListItem\",\"position\":1,\"name\":\"Home\",\"item\":\"https:\\\/\\\/immuno-t.inmotion.care\\\/fr\\\/\"},{\"@type\":\"ListItem\",\"position\":2,\"name\":\"Nous soutenir\"}]},{\"@type\":\"WebSite\",\"@id\":\"https:\\\/\\\/immuno-t.inmotion.care\\\/fr\\\/#website\",\"url\":\"https:\\\/\\\/immuno-t.inmotion.care\\\/fr\\\/\",\"name\":\"Immuno-T\",\"description\":\"De eerste motion comic die pati\u00ebnten en familie uitlegt hoe immunotherapie werkt.\",\"publisher\":{\"@id\":\"https:\\\/\\\/immuno-t.inmotion.care\\\/fr\\\/#organization\"},\"potentialAction\":[{\"@type\":\"SearchAction\",\"target\":{\"@type\":\"EntryPoint\",\"urlTemplate\":\"https:\\\/\\\/immuno-t.inmotion.care\\\/fr\\\/?s={search_term_string}\"},\"query-input\":{\"@type\":\"PropertyValueSpecification\",\"valueRequired\":true,\"valueName\":\"search_term_string\"}}],\"inLanguage\":\"fr-FR\"},{\"@type\":\"Organization\",\"@id\":\"https:\\\/\\\/immuno-t.inmotion.care\\\/fr\\\/#organization\",\"name\":\"Immuno-T\",\"url\":\"https:\\\/\\\/immuno-t.inmotion.care\\\/fr\\\/\",\"logo\":{\"@type\":\"ImageObject\",\"inLanguage\":\"fr-FR\",\"@id\":\"https:\\\/\\\/immuno-t.inmotion.care\\\/fr\\\/#\\\/schema\\\/logo\\\/image\\\/\",\"url\":\"https:\\\/\\\/immuno-t.inmotion.care\\\/wp-content\\\/uploads\\\/2018\\\/01\\\/immuno-t_logo.png\",\"contentUrl\":\"https:\\\/\\\/immuno-t.inmotion.care\\\/wp-content\\\/uploads\\\/2018\\\/01\\\/immuno-t_logo.png\",\"width\":450,\"height\":150,\"caption\":\"Immuno-T\"},\"image\":{\"@id\":\"https:\\\/\\\/immuno-t.inmotion.care\\\/fr\\\/#\\\/schema\\\/logo\\\/image\\\/\"}}]}<\/script>\n<!-- \/ Yoast SEO plugin. -->","yoast_head_json":{"title":"Nous soutenir - Immuno-T","robots":{"index":"index","follow":"follow","max-snippet":"max-snippet:-1","max-image-preview":"max-image-preview:large","max-video-preview":"max-video-preview:-1"},"canonical":"https:\/\/immuno-t.inmotion.care\/fr\/nous-soutenir\/","og_locale":"fr_FR","og_type":"article","og_title":"Nous soutenir - Immuno-T","og_description":"La cr\u00e9ation d&rsquo;un outil tel qu&rsquo;Immuno-T est co\u00fbteuse. Nous ne voulons pas que le patient paie les frais li\u00e9s \u00e0 cet outil, car chacun a droit \u00e0 une information de qualit\u00e9. Si vous souhaitez nous aider \u00e0 am\u00e9liorer le d\u00e9veloppement de l&rsquo;outil Immuno-T et de nouveaux motion comics sur la chimioth\u00e9rapie et la radioth\u00e9rapie, soutenez-nous [&hellip;]","og_url":"https:\/\/immuno-t.inmotion.care\/fr\/nous-soutenir\/","og_site_name":"Immuno-T","article_modified_time":"2018-02-01T22:30:07+00:00","og_image":[{"width":1600,"height":900,"url":"https:\/\/immuno-t.inmotion.care\/wp-content\/uploads\/2018\/01\/immunot-steunons.jpg","type":"image\/jpeg"}],"twitter_card":"summary_large_image","twitter_misc":{"Dur\u00e9e de lecture estim\u00e9e":"1 minute"},"schema":{"@context":"https:\/\/schema.org","@graph":[{"@type":"WebPage","@id":"https:\/\/immuno-t.inmotion.care\/fr\/nous-soutenir\/","url":"https:\/\/immuno-t.inmotion.care\/fr\/nous-soutenir\/","name":"Nous soutenir - Immuno-T","isPartOf":{"@id":"https:\/\/immuno-t.inmotion.care\/fr\/#website"},"primaryImageOfPage":{"@id":"https:\/\/immuno-t.inmotion.care\/fr\/nous-soutenir\/#primaryimage"},"image":{"@id":"https:\/\/immuno-t.inmotion.care\/fr\/nous-soutenir\/#primaryimage"},"thumbnailUrl":"https:\/\/immuno-t.inmotion.care\/wp-content\/uploads\/2018\/01\/immunot-steunons.jpg","datePublished":"2018-01-30T16:45:01+00:00","dateModified":"2018-02-01T22:30:07+00:00","breadcrumb":{"@id":"https:\/\/immuno-t.inmotion.care\/fr\/nous-soutenir\/#breadcrumb"},"inLanguage":"fr-FR","potentialAction":[{"@type":"ReadAction","target":["https:\/\/immuno-t.inmotion.care\/fr\/nous-soutenir\/"]}]},{"@type":"ImageObject","inLanguage":"fr-FR","@id":"https:\/\/immuno-t.inmotion.care\/fr\/nous-soutenir\/#primaryimage","url":"https:\/\/immuno-t.inmotion.care\/wp-content\/uploads\/2018\/01\/immunot-steunons.jpg","contentUrl":"https:\/\/immuno-t.inmotion.care\/wp-content\/uploads\/2018\/01\/immunot-steunons.jpg","width":1600,"height":900},{"@type":"BreadcrumbList","@id":"https:\/\/immuno-t.inmotion.care\/fr\/nous-soutenir\/#breadcrumb","itemListElement":[{"@type":"ListItem","position":1,"name":"Home","item":"https:\/\/immuno-t.inmotion.care\/fr\/"},{"@type":"ListItem","position":2,"name":"Nous soutenir"}]},{"@type":"WebSite","@id":"https:\/\/immuno-t.inmotion.care\/fr\/#website","url":"https:\/\/immuno-t.inmotion.care\/fr\/","name":"Immuno-T","description":"De eerste motion comic die pati\u00ebnten en familie uitlegt hoe immunotherapie werkt.","publisher":{"@id":"https:\/\/immuno-t.inmotion.care\/fr\/#organization"},"potentialAction":[{"@type":"SearchAction","target":{"@type":"EntryPoint","urlTemplate":"https:\/\/immuno-t.inmotion.care\/fr\/?s={search_term_string}"},"query-input":{"@type":"PropertyValueSpecification","valueRequired":true,"valueName":"search_term_string"}}],"inLanguage":"fr-FR"},{"@type":"Organization","@id":"https:\/\/immuno-t.inmotion.care\/fr\/#organization","name":"Immuno-T","url":"https:\/\/immuno-t.inmotion.care\/fr\/","logo":{"@type":"ImageObject","inLanguage":"fr-FR","@id":"https:\/\/immuno-t.inmotion.care\/fr\/#\/schema\/logo\/image\/","url":"https:\/\/immuno-t.inmotion.care\/wp-content\/uploads\/2018\/01\/immuno-t_logo.png","contentUrl":"https:\/\/immuno-t.inmotion.care\/wp-content\/uploads\/2018\/01\/immuno-t_logo.png","width":450,"height":150,"caption":"Immuno-T"},"image":{"@id":"https:\/\/immuno-t.inmotion.care\/fr\/#\/schema\/logo\/image\/"}}]}},"_links":{"self":[{"href":"https:\/\/immuno-t.inmotion.care\/fr\/wp-json\/wp\/v2\/pages\/95","targetHints":{"allow":["GET"]}}],"collection":[{"href":"https:\/\/immuno-t.inmotion.care\/fr\/wp-json\/wp\/v2\/pages"}],"about":[{"href":"https:\/\/immuno-t.inmotion.care\/fr\/wp-json\/wp\/v2\/types\/page"}],"author":[{"embeddable":true,"href":"https:\/\/immuno-t.inmotion.care\/fr\/wp-json\/wp\/v2\/users\/1"}],"replies":[{"embeddable":true,"href":"https:\/\/immuno-t.inmotion.care\/fr\/wp-json\/wp\/v2\/comments?post=95"}],"version-history":[{"count":5,"href":"https:\/\/immuno-t.inmotion.care\/fr\/wp-json\/wp\/v2\/pages\/95\/revisions"}],"predecessor-version":[{"id":404,"href":"https:\/\/immuno-t.inmotion.care\/fr\/wp-json\/wp\/v2\/pages\/95\/revisions\/404"}],"wp:featuredmedia":[{"embeddable":true,"href":"https:\/\/immuno-t.inmotion.care\/fr\/wp-json\/wp\/v2\/media\/141"}],"wp:attachment":[{"href":"https:\/\/immuno-t.inmotion.care\/fr\/wp-json\/wp\/v2\/media?parent=95"}],"curies":[{"name":"wp","href":"https:\/\/api.w.org\/{rel}","templated":true}]}}